{"id":1101,"date":"2025-07-08T11:11:53","date_gmt":"2025-07-08T14:11:53","guid":{"rendered":"http:\/\/concejo.rdb-ti.com\/?page_id=1101"},"modified":"2025-12-09T12:27:00","modified_gmt":"2025-12-09T15:27:00","slug":"becas-deportista","status":"publish","type":"page","link":"https:\/\/cdsalta.gob.ar\/index.php\/becas-deportista\/","title":{"rendered":"Becas Deportista"},"content":{"rendered":"\n<div class=\"wp-block-uagb-container uagb-block-86395ba0 alignfull uagb-is-root-container\"><div class=\"uagb-container-inner-blocks-wrap\">\n<div class=\"wp-block-uagb-advanced-heading uagb-block-69c21212\"><h1 class=\"uagb-heading-text\">Becas \u00abEduardo Cha\u00f1e\u00bb al Deportista Amateur<\/h1><\/div>\n<\/div><\/div>\n\n\n\n<div class=\"wp-block-uagb-container uagb-block-e312c2b8 alignfull uagb-is-root-container\"><div class=\"uagb-container-inner-blocks-wrap\">\n<p style=\"font-size: 20px; text-align: justify;\">Cada a\u00f1o el Concejo Deliberante otorga las Becas \u00abEduardo Cha\u00f1e\u00bb al Deportista Amateur, a j\u00f3venes salte\u00f1os, con la premisa de acompa\u00f1ar y fomentar su desarrollo deportivo. En este marco, los beneficiarios de la Beca reciben por el t\u00e9rmino de un a\u00f1o montos equivalentes a 500 Unidades Tributarias (U.T.).<\/p>\n<\/div><\/div>\n\n\n\n<div class=\"wp-block-uagb-container uagb-block-22c7880f alignfull uagb-is-root-container\"><div class=\"uagb-container-inner-blocks-wrap\"><div id=\"metaslider-id-1259\" style=\"width: 100%;\" class=\"ml-slider-3-107-0 metaslider metaslider-flex metaslider-1259 ml-slider has-dots-nav ms-theme-default-base\" role=\"region\" aria-label=\"BecaDeportista\" data-height=\"1280\" data-width=\"1920\">\n    <div id=\"metaslider_container_1259\">\n        <div id=\"metaslider_1259\">\n            <ul class='slides'>\n                <li style=\"display: block; width: 100%;\" class=\"slide-4486 ms-image \" aria-roledescription=\"slide\" data-date=\"2025-11-18 08:07:05\" data-filename=\"1-Becas-Chane-1165x776.jpg\" data-slide-type=\"image\"><img loading=\"lazy\" decoding=\"async\" src=\"https:\/\/cdsalta.gob.ar\/wp-content\/uploads\/2025\/12\/1-Becas-Chane-1165x776.jpg\" height=\"1280\" width=\"1920\" alt=\"\" class=\"slider-1259 slide-4486 msDefaultImage\" title=\"1 - Becas Cha\u00f1e\" \/><\/li>\n                <li style=\"display: none; width: 100%;\" class=\"slide-1260 ms-image \" aria-roledescription=\"slide\" data-date=\"2025-07-11 11:10:56\" data-filename=\"2-Becas-Chane-1134x756.jpg\" data-slide-type=\"image\"><img loading=\"lazy\" decoding=\"async\" src=\"https:\/\/cdsalta.gob.ar\/wp-content\/uploads\/2025\/12\/2-Becas-Chane-1134x756.jpg\" height=\"1280\" width=\"1920\" alt=\"\" class=\"slider-1259 slide-1260 msDefaultImage\" title=\"2 - Becas Cha\u00f1e\" \/><\/li>\n                <li style=\"display: none; width: 100%;\" class=\"slide-1261 ms-image \" aria-roledescription=\"slide\" data-date=\"2025-07-11 11:10:56\" data-filename=\"3-.-Becas-Chane-1247x831.jpg\" data-slide-type=\"image\"><img loading=\"lazy\" decoding=\"async\" src=\"https:\/\/cdsalta.gob.ar\/wp-content\/uploads\/2025\/12\/3-.-Becas-Chane-1247x831.jpg\" height=\"1280\" width=\"1920\" alt=\"\" class=\"slider-1259 slide-1261 msDefaultImage\" title=\"3 . Becas Cha\u00f1e\" \/><\/li>\n                <li style=\"display: none; width: 100%;\" class=\"slide-1262 ms-image \" aria-roledescription=\"slide\" data-date=\"2025-07-11 11:10:56\" data-filename=\"4-Becas-Chane-1334x889.jpg\" data-slide-type=\"image\"><img loading=\"lazy\" decoding=\"async\" src=\"https:\/\/cdsalta.gob.ar\/wp-content\/uploads\/2025\/12\/4-Becas-Chane-1334x889.jpg\" height=\"1280\" width=\"1920\" alt=\"\" class=\"slider-1259 slide-1262 msDefaultImage\" title=\"4 - Becas Cha\u00f1e\" \/><\/li>\n                <li style=\"display: none; width: 100%;\" class=\"slide-1263 ms-image \" aria-roledescription=\"slide\" data-date=\"2025-07-11 11:10:56\" data-filename=\"5-Becas-Chane-1421x947.jpg\" data-slide-type=\"image\"><img loading=\"lazy\" decoding=\"async\" src=\"https:\/\/cdsalta.gob.ar\/wp-content\/uploads\/2025\/12\/5-Becas-Chane-1421x947.jpg\" height=\"1280\" width=\"1920\" alt=\"\" class=\"slider-1259 slide-1263 msDefaultImage\" title=\"5 - Becas Cha\u00f1e\" \/><\/li>\n                <li style=\"display: none; width: 100%;\" class=\"slide-1264 ms-image \" aria-roledescription=\"slide\" data-date=\"2025-07-11 11:10:56\" data-filename=\"6-Becas-Chane-1423x948.jpg\" data-slide-type=\"image\"><img loading=\"lazy\" decoding=\"async\" src=\"https:\/\/cdsalta.gob.ar\/wp-content\/uploads\/2025\/12\/6-Becas-Chane-1423x948.jpg\" height=\"1280\" width=\"1920\" alt=\"\" class=\"slider-1259 slide-1264 msDefaultImage\" title=\"6 - Becas Cha\u00f1e\" \/><\/li>\n            <\/ul>\n        <\/div>\n        \n    <\/div>\n<\/div>\n<\/div><\/div>\n\n\n\n<div class=\"wp-block-uagb-container uagb-block-9a8c2eb7 alignfull uagb-is-root-container\"><div class=\"uagb-container-inner-blocks-wrap\">\n<p style=\"font-size: 20px; text-align: justify;\">Cabe se\u00f1alar que para el 2026 son treinta y ocho (38) los deportistas locales seleccionados por un equipo interdisciplinario dirigido por la Comisi\u00f3n de Salud, Deportes, Infancias, Juventud y Tercera Edad. Ediles, funcionarios provinciales y municipales, y periodistas tuvieron en cuenta para la elecci\u00f3n los logros a nivel local, nacional e internacional de cada postulante.<\/p>\n<p style=\"font-size: 20px; text-align: justify;\">Los j\u00f3venes becados se destacan en disciplinas como: Ajedrez, Atletismo, B\u00e1squet, B\u00e9isbol, Boxeo, Ciclismo de Monta\u00f1a, F\u00fatbol, Gimnasia Aer\u00f3bica, Gimnasia Art\u00edstica, Gimnasia R\u00edtmica y Gimnasia de Trampol\u00edn, Halterofilia, Hockey, Judo Karate, Motocross, Patinaje Art\u00edstico, Karting, Nataci\u00f3n, Squash, Taekwondo, Tenis de Mesa y V\u00f3ley. Sum\u00e1ndose aquellos que se desempe\u00f1an en deportes paral\u00edmpicos.\u00a0<\/p>\n<\/div><\/div>\n","protected":false},"excerpt":{"rendered":"<p>Becas \u00abEduardo Cha\u00f1e\u00bb al Deportista Amateur Cada a\u00f1o el Concejo Deliberante otorga las Becas \u00abEduardo Cha\u00f1e\u00bb al Deportista Amateur, a [&hellip;]<\/p>\n","protected":false},"author":1,"featured_media":0,"parent":0,"menu_order":0,"comment_status":"closed","ping_status":"closed","template":"","meta":{"_uag_custom_page_level_css":"","site-sidebar-layout":"default","site-content-layout":"","ast-site-content-layout":"default","site-content-style":"default","site-sidebar-style":"default","ast-global-header-display":"","ast-banner-title-visibility":"","ast-main-header-display":"","ast-hfb-above-header-display":"","ast-hfb-below-header-display":"","ast-hfb-mobile-header-display":"","site-post-title":"disabled","ast-breadcrumbs-content":"","ast-featured-img":"","footer-sml-layout":"","ast-disable-related-posts":"","theme-transparent-header-meta":"default","adv-header-id-meta":"","stick-header-meta":"","header-above-stick-meta":"","header-main-stick-meta":"","header-below-stick-meta":"","astra-migrate-meta-layouts":"set","ast-page-background-enabled":"default","ast-page-background-meta":{"desktop":{"background-color":"var(--ast-global-color-5)","background-image":"","background-repeat":"repeat","background-position":"center center","background-size":"auto","background-attachment":"scroll","background-type":"","background-media":"","overlay-type":"","overlay-color":"","overlay-opacity":"","overlay-gradient":""},"tablet":{"background-color":"","background-image":"","background-repeat":"repeat","background-position":"center center","background-size":"auto","background-attachment":"scroll","background-type":"","background-media":"","overlay-type":"","overlay-color":"","overlay-opacity":"","overlay-gradient":""},"mobile":{"background-color":"","background-image":"","background-repeat":"repeat","background-position":"center center","background-size":"auto","background-attachment":"scroll","background-type":"","background-media":"","overlay-type":"","overlay-color":"","overlay-opacity":"","overlay-gradient":""}},"ast-content-background-meta":{"desktop":{"background-color":"var(--ast-global-color-4)","background-image":"","background-repeat":"repeat","background-position":"center center","background-size":"auto","background-attachment":"scroll","background-type":"","background-media":"","overlay-type":"","overlay-color":"","overlay-opacity":"","overlay-gradient":""},"tablet":{"background-color":"var(--ast-global-color-4)","background-image":"","background-repeat":"repeat","background-position":"center center","background-size":"auto","background-attachment":"scroll","background-type":"","background-media":"","overlay-type":"","overlay-color":"","overlay-opacity":"","overlay-gradient":""},"mobile":{"background-color":"var(--ast-global-color-4)","background-image":"","background-repeat":"repeat","background-position":"center center","background-size":"auto","background-attachment":"scroll","background-type":"","background-media":"","overlay-type":"","overlay-color":"","overlay-opacity":"","overlay-gradient":""}},"footnotes":""},"class_list":["post-1101","page","type-page","status-publish","hentry"],"uagb_featured_image_src":{"full":false,"thumbnail":false,"medium":false,"medium_large":false,"large":false,"1536x1536":false,"2048x2048":false,"mailpoet_newsletter_max":false},"uagb_author_info":{"display_name":"cdsistema","author_link":"https:\/\/cdsalta.gob.ar\/index.php\/author\/cdsistema\/"},"uagb_comment_info":0,"uagb_excerpt":"Becas \u00abEduardo Cha\u00f1e\u00bb al Deportista Amateur Cada a\u00f1o el Concejo Deliberante otorga las Becas \u00abEduardo Cha\u00f1e\u00bb al Deportista Amateur, a [&hellip;]","_links":{"self":[{"href":"https:\/\/cdsalta.gob.ar\/index.php\/wp-json\/wp\/v2\/pages\/1101","targetHints":{"allow":["GET"]}}],"collection":[{"href":"https:\/\/cdsalta.gob.ar\/index.php\/wp-json\/wp\/v2\/pages"}],"about":[{"href":"https:\/\/cdsalta.gob.ar\/index.php\/wp-json\/wp\/v2\/types\/page"}],"author":[{"embeddable":true,"href":"https:\/\/cdsalta.gob.ar\/index.php\/wp-json\/wp\/v2\/users\/1"}],"replies":[{"embeddable":true,"href":"https:\/\/cdsalta.gob.ar\/index.php\/wp-json\/wp\/v2\/comments?post=1101"}],"version-history":[{"count":38,"href":"https:\/\/cdsalta.gob.ar\/index.php\/wp-json\/wp\/v2\/pages\/1101\/revisions"}],"predecessor-version":[{"id":4921,"href":"https:\/\/cdsalta.gob.ar\/index.php\/wp-json\/wp\/v2\/pages\/1101\/revisions\/4921"}],"wp:attachment":[{"href":"https:\/\/cdsalta.gob.ar\/index.php\/wp-json\/wp\/v2\/media?parent=1101"}],"curies":[{"name":"wp","href":"https:\/\/api.w.org\/{rel}","templated":true}]}}