{"id":1128,"date":"2025-07-10T11:27:47","date_gmt":"2025-07-10T14:27:47","guid":{"rendered":"http:\/\/concejo.rdb-ti.com\/?page_id=1128"},"modified":"2025-07-17T09:18:01","modified_gmt":"2025-07-17T12:18:01","slug":"adhoc","status":"publish","type":"page","link":"https:\/\/cdsalta.gob.ar\/index.php\/adhoc\/","title":{"rendered":"Adhoc"},"content":{"rendered":"\n<div class=\"wp-block-uagb-container uagb-block-2b6d60ea alignfull uagb-is-root-container\"><div class=\"uagb-container-inner-blocks-wrap\">\n<div class=\"wp-block-uagb-advanced-heading uagb-block-16faaf74\"><h2 class=\"uagb-heading-text\">Comisi\u00f3n T\u00e9cnica Ad-Hoc de Asesoramiento<\/h2><\/div>\n<\/div><\/div>\n\n\n\n<div class=\"wp-block-uagb-container uagb-block-15bac345 alignfull uagb-is-root-container\"><div class=\"uagb-container-inner-blocks-wrap\">\n<p style=\"text-align: justify; font-size: 20px;\">El espacio de trabajo, que funciona en el \u00e1mbito y en relaci\u00f3n a la Comisi\u00f3n de Tr\u00e1nsito del CD, fue creado teniendo en cuenta la necesidad de adecuar el mecanismo de designaci\u00f3n\u00a0del nombre de las calles, pasajes, avenidas y autopistas, a las nuevas perspectivas sociales,\u00a0culturales e hist\u00f3ricas por las que atraviesa nuestra ciudad.<\/p>\n<p style=\"text-align: justify; margin-top: -30px; font-size: 20px;\">Para esto, se estableci\u00f3 por Ordenanza N\u00b0 12.316, que a la Comisi\u00f3n T\u00e9cnica Ad-Hoc se invitar\u00e1 a formar parte a representantes de la\u00a0Universidad Cat\u00f3lica de Salta, de la Universidad Nacional de Salta, del Consejo de Ingenieros, del Colegio de Arquitectos, de la Coordinaci\u00f3n General de Archivos y Bibliotecas de la Provincia de\u00a0Salta, y a los profesionales del medio que la Comisi\u00f3n de Tr\u00e1nsito considere\u00a0id\u00f3neos\u00a0y necesarios.<\/p>\n<p style=\"text-align: justify; margin-top: -30px; font-size: 20px;\">Cabe se\u00f1alar que los\u00a0dict\u00e1menes\u00a0y\/u opiniones que surjan de esta Comisi\u00f3n son de car\u00e1cter no vinculante.<\/p>\n<\/div><\/div>\n\n\n\n<div class=\"wp-block-uagb-container uagb-block-ebf47d05 alignfull uagb-is-root-container\"><div class=\"uagb-container-inner-blocks-wrap\">\n<div class=\"alignnormal\"><div id=\"metaslider-id-1238\" style=\"width: 100%;\" class=\"ml-slider-3-107-0 metaslider metaslider-flex metaslider-1238 ml-slider has-dots-nav ms-theme-default-base\" role=\"region\" aria-label=\"adhoc\" data-height=\"1280\" data-width=\"1920\">\n    <div id=\"metaslider_container_1238\">\n        <div id=\"metaslider_1238\">\n            <ul class='slides'>\n                <li style=\"display: block; width: 100%;\" class=\"slide-1239 ms-image \" aria-roledescription=\"slide\" data-date=\"2025-07-11 10:28:27\" data-filename=\"1-Adhoc-scaled-1920x1280.jpg\" data-slide-type=\"image\"><img loading=\"lazy\" decoding=\"async\" src=\"https:\/\/cdsalta.gob.ar\/wp-content\/uploads\/2025\/07\/1-Adhoc-scaled-1920x1280.jpg\" height=\"1280\" width=\"1920\" alt=\"\" class=\"slider-1238 slide-1239 msDefaultImage\" title=\"1- Adhoc\" \/><\/li>\n                <li style=\"display: none; width: 100%;\" class=\"slide-1240 ms-image \" aria-roledescription=\"slide\" data-date=\"2025-07-11 10:28:27\" data-filename=\"2-Adhoc-scaled-1920x1280.jpg\" data-slide-type=\"image\"><img loading=\"lazy\" decoding=\"async\" src=\"https:\/\/cdsalta.gob.ar\/wp-content\/uploads\/2025\/07\/2-Adhoc-scaled-1920x1280.jpg\" height=\"1280\" width=\"1920\" alt=\"\" class=\"slider-1238 slide-1240 msDefaultImage\" title=\"2- Adhoc\" \/><\/li>\n                <li style=\"display: none; width: 100%;\" class=\"slide-1241 ms-image \" aria-roledescription=\"slide\" data-date=\"2025-07-11 10:28:27\" data-filename=\"3-Adhoc-scaled-1920x1280.jpg\" data-slide-type=\"image\"><img loading=\"lazy\" decoding=\"async\" src=\"https:\/\/cdsalta.gob.ar\/wp-content\/uploads\/2025\/07\/3-Adhoc-scaled-1920x1280.jpg\" height=\"1280\" width=\"1920\" alt=\"\" class=\"slider-1238 slide-1241 msDefaultImage\" title=\"3- Adhoc\" \/><\/li>\n            <\/ul>\n        <\/div>\n        \n    <\/div>\n<\/div><\/div>\n<\/div><\/div>\n","protected":false},"excerpt":{"rendered":"<p>Comisi\u00f3n T\u00e9cnica Ad-Hoc de Asesoramiento El espacio de trabajo, que funciona en el \u00e1mbito y en relaci\u00f3n a la Comisi\u00f3n [&hellip;]<\/p>\n","protected":false},"author":1,"featured_media":0,"parent":0,"menu_order":0,"comment_status":"closed","ping_status":"closed","template":"","meta":{"_uag_custom_page_level_css":"","site-sidebar-layout":"default","site-content-layout":"","ast-site-content-layout":"default","site-content-style":"default","site-sidebar-style":"default","ast-global-header-display":"","ast-banner-title-visibility":"","ast-main-header-display":"","ast-hfb-above-header-display":"","ast-hfb-below-header-display":"","ast-hfb-mobile-header-display":"","site-post-title":"disabled","ast-breadcrumbs-content":"","ast-featured-img":"","footer-sml-layout":"","ast-disable-related-posts":"","theme-transparent-header-meta":"","adv-header-id-meta":"","stick-header-meta":"","header-above-stick-meta":"","header-main-stick-meta":"","header-below-stick-meta":"","astra-migrate-meta-layouts":"default","ast-page-background-enabled":"default","ast-page-background-meta":{"desktop":{"background-color":"var(--ast-global-color-5)","background-image":"","background-repeat":"repeat","background-position":"center center","background-size":"auto","background-attachment":"scroll","background-type":"","background-media":"","overlay-type":"","overlay-color":"","overlay-opacity":"","overlay-gradient":""},"tablet":{"background-color":"","background-image":"","background-repeat":"repeat","background-position":"center center","background-size":"auto","background-attachment":"scroll","background-type":"","background-media":"","overlay-type":"","overlay-color":"","overlay-opacity":"","overlay-gradient":""},"mobile":{"background-color":"","background-image":"","background-repeat":"repeat","background-position":"center center","background-size":"auto","background-attachment":"scroll","background-type":"","background-media":"","overlay-type":"","overlay-color":"","overlay-opacity":"","overlay-gradient":""}},"ast-content-background-meta":{"desktop":{"background-color":"var(--ast-global-color-4)","background-image":"","background-repeat":"repeat","background-position":"center center","background-size":"auto","background-attachment":"scroll","background-type":"","background-media":"","overlay-type":"","overlay-color":"","overlay-opacity":"","overlay-gradient":""},"tablet":{"background-color":"var(--ast-global-color-4)","background-image":"","background-repeat":"repeat","background-position":"center center","background-size":"auto","background-attachment":"scroll","background-type":"","background-media":"","overlay-type":"","overlay-color":"","overlay-opacity":"","overlay-gradient":""},"mobile":{"background-color":"var(--ast-global-color-4)","background-image":"","background-repeat":"repeat","background-position":"center center","background-size":"auto","background-attachment":"scroll","background-type":"","background-media":"","overlay-type":"","overlay-color":"","overlay-opacity":"","overlay-gradient":""}},"footnotes":""},"class_list":["post-1128","page","type-page","status-publish","hentry"],"uagb_featured_image_src":{"full":false,"thumbnail":false,"medium":false,"medium_large":false,"large":false,"1536x1536":false,"2048x2048":false,"mailpoet_newsletter_max":false},"uagb_author_info":{"display_name":"cdsistema","author_link":"https:\/\/cdsalta.gob.ar\/index.php\/author\/cdsistema\/"},"uagb_comment_info":0,"uagb_excerpt":"Comisi\u00f3n T\u00e9cnica Ad-Hoc de Asesoramiento El espacio de trabajo, que funciona en el \u00e1mbito y en relaci\u00f3n a la Comisi\u00f3n [&hellip;]","_links":{"self":[{"href":"https:\/\/cdsalta.gob.ar\/index.php\/wp-json\/wp\/v2\/pages\/1128","targetHints":{"allow":["GET"]}}],"collection":[{"href":"https:\/\/cdsalta.gob.ar\/index.php\/wp-json\/wp\/v2\/pages"}],"about":[{"href":"https:\/\/cdsalta.gob.ar\/index.php\/wp-json\/wp\/v2\/types\/page"}],"author":[{"embeddable":true,"href":"https:\/\/cdsalta.gob.ar\/index.php\/wp-json\/wp\/v2\/users\/1"}],"replies":[{"embeddable":true,"href":"https:\/\/cdsalta.gob.ar\/index.php\/wp-json\/wp\/v2\/comments?post=1128"}],"version-history":[{"count":21,"href":"https:\/\/cdsalta.gob.ar\/index.php\/wp-json\/wp\/v2\/pages\/1128\/revisions"}],"predecessor-version":[{"id":1343,"href":"https:\/\/cdsalta.gob.ar\/index.php\/wp-json\/wp\/v2\/pages\/1128\/revisions\/1343"}],"wp:attachment":[{"href":"https:\/\/cdsalta.gob.ar\/index.php\/wp-json\/wp\/v2\/media?parent=1128"}],"curies":[{"name":"wp","href":"https:\/\/api.w.org\/{rel}","templated":true}]}}