{"id":1148,"date":"2025-07-10T11:52:25","date_gmt":"2025-07-10T14:52:25","guid":{"rendered":"http:\/\/concejo.rdb-ti.com\/?page_id=1148"},"modified":"2025-10-09T11:08:00","modified_gmt":"2025-10-09T14:08:00","slug":"atencio-al-vecino","status":"publish","type":"page","link":"https:\/\/cdsalta.gob.ar\/index.php\/atencio-al-vecino\/","title":{"rendered":"Atencio al Vecino"},"content":{"rendered":"\n<div class=\"wp-block-uagb-container uagb-block-f6e8f268 alignfull uagb-is-root-container\"><div class=\"uagb-container-inner-blocks-wrap\">\n<div class=\"wp-block-uagb-advanced-heading uagb-block-b44613f5\"><h2 class=\"uagb-heading-text\">Atenci\u00f3n al Vecino<\/h2><\/div>\n<\/div><\/div>\n\n\n\n<div class=\"wp-block-uagb-container uagb-block-2bb257da alignfull uagb-is-root-container\"><div class=\"uagb-container-inner-blocks-wrap\">\n<p style=\"text-align: justify; font-size: 20px;\">Vecinos de nuestra Ciudad cuentan en el Concejo Deliberante con una oficina de Atenci\u00f3n al Vecino que recibe consultas y brinda asesoramiento sobre los requisitos a cumplimentar para gestionar y acceder a condonaciones de impuestos y tasas municipales. El personal a cargo ofrece tambi\u00e9n informaci\u00f3n vinculada a servicios gratuitos que brinda el CD a los vecinos.<\/p>\n<p style=\"text-align: justify; margin-top: -30px; font-size: 20px;\">La oficina, que depende del \u00e1rea de Coordinaci\u00f3n General, atiende al p\u00fablico de forma presencial en el horario de 8.00 a 18.30 en avenida Rep\u00fablica del L\u00edbano N\u00b0 990. Tambi\u00e9n pueden realizarse consultas a trav\u00e9s de las l\u00edneas telef\u00f3nicas 4233680 &#8211; 4232929 (interno 104) y en el correo electr\u00f3nico\u00a0<a href=\"mailto:vecinos@cdsalta.gob.ar\">vecinos@cdsalta.gob.ar<\/a>.<\/p>\n<p style=\"text-align: justify; margin-top: -30px; font-size: 20px;\">Conoc\u00e9 los requisitos para solicitar Condonaci\u00f3n de Deudas:<\/p>\n<ul style=\"font-size: 25px;\">\n<li><a href=\"https:\/\/cdsalta.gob.ar\/wp-content\/uploads\/2025\/10\/REQUISITOS-CONDONACIONES-LEGAL1.pdf\" target=\"_blank\" rel=\"noopener\">Requisitos para condonaciones 1<\/a><\/li>\n<li><a href=\"https:\/\/cdsalta.gob.ar\/wp-content\/uploads\/2025\/10\/REQUISITOS-CONDONACIONES-LEGAL2.pdf\" target=\"_blank\" rel=\"noopener\">Requisitos para condonaciones 2<\/a><\/li>\n<\/ul>\n<\/div><\/div>\n\n\n\n<div class=\"wp-block-uagb-container uagb-block-c5d708ed alignfull uagb-is-root-container\"><div class=\"uagb-container-inner-blocks-wrap\">\n<div class=\"wp-block-uagb-image uagb-block-3fc19542 wp-block-uagb-image--layout-default wp-block-uagb-image--effect-static wp-block-uagb-image--align-none\"><figure class=\"wp-block-uagb-image__figure\"><img decoding=\"async\" srcset=\"https:\/\/cdsalta.gob.ar\/wp-content\/uploads\/2025\/07\/Atencion-al-vecino-2025-1024x683.png ,https:\/\/cdsalta.gob.ar\/wp-content\/uploads\/2025\/07\/Atencion-al-vecino-2025.png 780w, https:\/\/cdsalta.gob.ar\/wp-content\/uploads\/2025\/07\/Atencion-al-vecino-2025.png 360w\" sizes=\"auto, (max-width: 480px) 150px\" src=\"https:\/\/cdsalta.gob.ar\/wp-content\/uploads\/2025\/07\/Atencion-al-vecino-2025-1024x683.png\" alt=\"\" class=\"uag-image-1245\" width=\"1024\" height=\"683\" title=\"Atenci\u00f3n al vecino 2025\" loading=\"lazy\" role=\"img\"\/><\/figure><\/div>\n<\/div><\/div>\n","protected":false},"excerpt":{"rendered":"<p>Atenci\u00f3n al Vecino Vecinos de nuestra Ciudad cuentan en el Concejo Deliberante con una oficina de Atenci\u00f3n al Vecino que [&hellip;]<\/p>\n","protected":false},"author":1,"featured_media":0,"parent":0,"menu_order":0,"comment_status":"closed","ping_status":"closed","template":"","meta":{"_uag_custom_page_level_css":"","site-sidebar-layout":"default","site-content-layout":"","ast-site-content-layout":"default","site-content-style":"default","site-sidebar-style":"default","ast-global-header-display":"","ast-banner-title-visibility":"","ast-main-header-display":"","ast-hfb-above-header-display":"","ast-hfb-below-header-display":"","ast-hfb-mobile-header-display":"","site-post-title":"disabled","ast-breadcrumbs-content":"","ast-featured-img":"","footer-sml-layout":"","ast-disable-related-posts":"","theme-transparent-header-meta":"","adv-header-id-meta":"","stick-header-meta":"","header-above-stick-meta":"","header-main-stick-meta":"","header-below-stick-meta":"","astra-migrate-meta-layouts":"default","ast-page-background-enabled":"default","ast-page-background-meta":{"desktop":{"background-color":"var(--ast-global-color-5)","background-image":"","background-repeat":"repeat","background-position":"center center","background-size":"auto","background-attachment":"scroll","background-type":"","background-media":"","overlay-type":"","overlay-color":"","overlay-opacity":"","overlay-gradient":""},"tablet":{"background-color":"","background-image":"","background-repeat":"repeat","background-position":"center center","background-size":"auto","background-attachment":"scroll","background-type":"","background-media":"","overlay-type":"","overlay-color":"","overlay-opacity":"","overlay-gradient":""},"mobile":{"background-color":"","background-image":"","background-repeat":"repeat","background-position":"center center","background-size":"auto","background-attachment":"scroll","background-type":"","background-media":"","overlay-type":"","overlay-color":"","overlay-opacity":"","overlay-gradient":""}},"ast-content-background-meta":{"desktop":{"background-color":"var(--ast-global-color-4)","background-image":"","background-repeat":"repeat","background-position":"center center","background-size":"auto","background-attachment":"scroll","background-type":"","background-media":"","overlay-type":"","overlay-color":"","overlay-opacity":"","overlay-gradient":""},"tablet":{"background-color":"var(--ast-global-color-4)","background-image":"","background-repeat":"repeat","background-position":"center center","background-size":"auto","background-attachment":"scroll","background-type":"","background-media":"","overlay-type":"","overlay-color":"","overlay-opacity":"","overlay-gradient":""},"mobile":{"background-color":"var(--ast-global-color-4)","background-image":"","background-repeat":"repeat","background-position":"center center","background-size":"auto","background-attachment":"scroll","background-type":"","background-media":"","overlay-type":"","overlay-color":"","overlay-opacity":"","overlay-gradient":""}},"footnotes":""},"class_list":["post-1148","page","type-page","status-publish","hentry"],"uagb_featured_image_src":{"full":false,"thumbnail":false,"medium":false,"medium_large":false,"large":false,"1536x1536":false,"2048x2048":false,"mailpoet_newsletter_max":false},"uagb_author_info":{"display_name":"cdsistema","author_link":"https:\/\/cdsalta.gob.ar\/index.php\/author\/cdsistema\/"},"uagb_comment_info":0,"uagb_excerpt":"Atenci\u00f3n al Vecino Vecinos de nuestra Ciudad cuentan en el Concejo Deliberante con una oficina de Atenci\u00f3n al Vecino que [&hellip;]","_links":{"self":[{"href":"https:\/\/cdsalta.gob.ar\/index.php\/wp-json\/wp\/v2\/pages\/1148","targetHints":{"allow":["GET"]}}],"collection":[{"href":"https:\/\/cdsalta.gob.ar\/index.php\/wp-json\/wp\/v2\/pages"}],"about":[{"href":"https:\/\/cdsalta.gob.ar\/index.php\/wp-json\/wp\/v2\/types\/page"}],"author":[{"embeddable":true,"href":"https:\/\/cdsalta.gob.ar\/index.php\/wp-json\/wp\/v2\/users\/1"}],"replies":[{"embeddable":true,"href":"https:\/\/cdsalta.gob.ar\/index.php\/wp-json\/wp\/v2\/comments?post=1148"}],"version-history":[{"count":24,"href":"https:\/\/cdsalta.gob.ar\/index.php\/wp-json\/wp\/v2\/pages\/1148\/revisions"}],"predecessor-version":[{"id":3541,"href":"https:\/\/cdsalta.gob.ar\/index.php\/wp-json\/wp\/v2\/pages\/1148\/revisions\/3541"}],"wp:attachment":[{"href":"https:\/\/cdsalta.gob.ar\/index.php\/wp-json\/wp\/v2\/media?parent=1148"}],"curies":[{"name":"wp","href":"https:\/\/api.w.org\/{rel}","templated":true}]}}