{"id":1216,"date":"2025-07-10T12:48:13","date_gmt":"2025-07-10T15:48:13","guid":{"rendered":"http:\/\/concejo.rdb-ti.com\/?page_id=1216"},"modified":"2025-07-17T08:47:46","modified_gmt":"2025-07-17T11:47:46","slug":"auto-gestion","status":"publish","type":"page","link":"https:\/\/cdsalta.gob.ar\/index.php\/auto-gestion\/","title":{"rendered":"autogestion"},"content":{"rendered":"\n<div class=\"wp-block-uagb-container uagb-block-fa70b0d3 alignfull uagb-is-root-container\"><div class=\"uagb-container-inner-blocks-wrap\">\n<div class=\"wp-block-uagb-advanced-heading uagb-block-933067f3\"><h2 class=\"uagb-heading-text\">Servicios de Autogesti\u00f3n<\/h2><\/div>\n<\/div><\/div>\n\n\n\n<div class=\"wp-block-uagb-container uagb-block-fb3cb7d8 alignfull uagb-is-root-container\"><div class=\"uagb-container-inner-blocks-wrap\">\n<p style=\"text-align: justify; font-size: 20px;\">En el ingreso al predio del Concejo Deliberante de Salta, ubicado en avenida Rep\u00fablica del L\u00edbano N\u00b0 990, los vecinos tienen a su disposici\u00f3n una terminal de recarga de SAETA y un cajero autom\u00e1tico de Banco Macro.<\/p>\n<p style=\"text-align: justify; margin-top: -30px; font-size: 20px;\">Durante las 24 horas, vecinos de la zona y trabajadores del Concejo Deliberante pueden acceder a la terminal de recarga de tarjetas SAETA y llevar a cabo el mencionado tr\u00e1mite de manera aut\u00f3noma. Para ello, solo debe asentarse la tarjeta en la lectora e introducir el billete para que emita el ticket comprobante de la operaci\u00f3n.<\/p>\n<p style=\"text-align: justify; margin-top: -30px; font-size: 20px;\">El cajero autom\u00e1tico de Banco Macro se suma a este sistema de autogesti\u00f3n. Est\u00e1 ubicado tambi\u00e9n en la entrada del edificio legislativo, al sector izquierdo. Clientes de la entidad bancaria pueden realizar all\u00ed, de forma \u00e1gil y r\u00e1pida, las siguientes operaciones: extracci\u00f3n de dinero, consulta de saldos, CBU, \u00faltimos movimientos y fechas de vencimiento de facturas adheridas, pago de servicios, entre otros.<\/p>\n<\/div><\/div>\n\n\n\n<div class=\"wp-block-uagb-container uagb-block-aa27b5dd alignfull uagb-is-root-container\"><div class=\"uagb-container-inner-blocks-wrap\">\n<div class=\"wp-block-uagb-image uagb-block-d975a5e5 wp-block-uagb-image--layout-default wp-block-uagb-image--effect-static wp-block-uagb-image--align-none\"><figure class=\"wp-block-uagb-image__figure\"><img decoding=\"async\" srcset=\"https:\/\/cdsalta.gob.ar\/wp-content\/uploads\/2025\/07\/Servicios-de-Autogestion.jpg ,https:\/\/cdsalta.gob.ar\/wp-content\/uploads\/2025\/07\/Servicios-de-Autogestion.jpg 780w, https:\/\/cdsalta.gob.ar\/wp-content\/uploads\/2025\/07\/Servicios-de-Autogestion.jpg 360w\" sizes=\"auto, (max-width: 480px) 150px\" src=\"https:\/\/cdsalta.gob.ar\/wp-content\/uploads\/2025\/07\/Servicios-de-Autogestion.jpg\" alt=\"\" class=\"uag-image-1251\" width=\"1024\" height=\"683\" title=\"Servicios de Autogesti\u00f3n\" loading=\"lazy\" role=\"img\"\/><\/figure><\/div>\n<\/div><\/div>\n","protected":false},"excerpt":{"rendered":"<p>Servicios de Autogesti\u00f3n En el ingreso al predio del Concejo Deliberante de Salta, ubicado en avenida Rep\u00fablica del L\u00edbano N\u00b0 [&hellip;]<\/p>\n","protected":false},"author":1,"featured_media":0,"parent":0,"menu_order":0,"comment_status":"closed","ping_status":"closed","template":"","meta":{"_uag_custom_page_level_css":"","site-sidebar-layout":"default","site-content-layout":"","ast-site-content-layout":"default","site-content-style":"default","site-sidebar-style":"default","ast-global-header-display":"","ast-banner-title-visibility":"","ast-main-header-display":"","ast-hfb-above-header-display":"","ast-hfb-below-header-display":"","ast-hfb-mobile-header-display":"","site-post-title":"disabled","ast-breadcrumbs-content":"","ast-featured-img":"","footer-sml-layout":"","ast-disable-related-posts":"","theme-transparent-header-meta":"","adv-header-id-meta":"","stick-header-meta":"","header-above-stick-meta":"","header-main-stick-meta":"","header-below-stick-meta":"","astra-migrate-meta-layouts":"default","ast-page-background-enabled":"default","ast-page-background-meta":{"desktop":{"background-color":"var(--ast-global-color-5)","background-image":"","background-repeat":"repeat","background-position":"center center","background-size":"auto","background-attachment":"scroll","background-type":"","background-media":"","overlay-type":"","overlay-color":"","overlay-opacity":"","overlay-gradient":""},"tablet":{"background-color":"","background-image":"","background-repeat":"repeat","background-position":"center center","background-size":"auto","background-attachment":"scroll","background-type":"","background-media":"","overlay-type":"","overlay-color":"","overlay-opacity":"","overlay-gradient":""},"mobile":{"background-color":"","background-image":"","background-repeat":"repeat","background-position":"center center","background-size":"auto","background-attachment":"scroll","background-type":"","background-media":"","overlay-type":"","overlay-color":"","overlay-opacity":"","overlay-gradient":""}},"ast-content-background-meta":{"desktop":{"background-color":"var(--ast-global-color-4)","background-image":"","background-repeat":"repeat","background-position":"center center","background-size":"auto","background-attachment":"scroll","background-type":"","background-media":"","overlay-type":"","overlay-color":"","overlay-opacity":"","overlay-gradient":""},"tablet":{"background-color":"var(--ast-global-color-4)","background-image":"","background-repeat":"repeat","background-position":"center center","background-size":"auto","background-attachment":"scroll","background-type":"","background-media":"","overlay-type":"","overlay-color":"","overlay-opacity":"","overlay-gradient":""},"mobile":{"background-color":"var(--ast-global-color-4)","background-image":"","background-repeat":"repeat","background-position":"center center","background-size":"auto","background-attachment":"scroll","background-type":"","background-media":"","overlay-type":"","overlay-color":"","overlay-opacity":"","overlay-gradient":""}},"footnotes":""},"class_list":["post-1216","page","type-page","status-publish","hentry"],"uagb_featured_image_src":{"full":false,"thumbnail":false,"medium":false,"medium_large":false,"large":false,"1536x1536":false,"2048x2048":false,"mailpoet_newsletter_max":false},"uagb_author_info":{"display_name":"cdsistema","author_link":"https:\/\/cdsalta.gob.ar\/index.php\/author\/cdsistema\/"},"uagb_comment_info":0,"uagb_excerpt":"Servicios de Autogesti\u00f3n En el ingreso al predio del Concejo Deliberante de Salta, ubicado en avenida Rep\u00fablica del L\u00edbano N\u00b0 [&hellip;]","_links":{"self":[{"href":"https:\/\/cdsalta.gob.ar\/index.php\/wp-json\/wp\/v2\/pages\/1216","targetHints":{"allow":["GET"]}}],"collection":[{"href":"https:\/\/cdsalta.gob.ar\/index.php\/wp-json\/wp\/v2\/pages"}],"about":[{"href":"https:\/\/cdsalta.gob.ar\/index.php\/wp-json\/wp\/v2\/types\/page"}],"author":[{"embeddable":true,"href":"https:\/\/cdsalta.gob.ar\/index.php\/wp-json\/wp\/v2\/users\/1"}],"replies":[{"embeddable":true,"href":"https:\/\/cdsalta.gob.ar\/index.php\/wp-json\/wp\/v2\/comments?post=1216"}],"version-history":[{"count":15,"href":"https:\/\/cdsalta.gob.ar\/index.php\/wp-json\/wp\/v2\/pages\/1216\/revisions"}],"predecessor-version":[{"id":1327,"href":"https:\/\/cdsalta.gob.ar\/index.php\/wp-json\/wp\/v2\/pages\/1216\/revisions\/1327"}],"wp:attachment":[{"href":"https:\/\/cdsalta.gob.ar\/index.php\/wp-json\/wp\/v2\/media?parent=1216"}],"curies":[{"name":"wp","href":"https:\/\/api.w.org\/{rel}","templated":true}]}}