{"id":128,"date":"2025-06-03T08:26:01","date_gmt":"2025-06-03T11:26:01","guid":{"rendered":"http:\/\/concejo.rdb-ti.com\/?page_id=128"},"modified":"2025-11-04T10:20:34","modified_gmt":"2025-11-04T13:20:34","slug":"concejo","status":"publish","type":"page","link":"https:\/\/cdsalta.gob.ar\/index.php\/concejo\/","title":{"rendered":"Concejo"},"content":{"rendered":"\n<div class=\"wp-block-uagb-container uagb-block-7d84a12c alignfull uagb-is-root-container\"><div class=\"uagb-container-inner-blocks-wrap\">\n<h2 class=\"wp-block-heading has-text-align-center title1 upper has-text-color has-link-color wp-elements-6c556c00044f197501019cb7528ff690\" style=\"color:#3880b4\"><span class=\"field field--name-title field--type-string field--label-hidden\">Historia del Concejo Deliberante de la Ciudad de Salta<\/span><\/h2>\n<\/div><\/div>\n\n\n\n<div class=\"wp-block-uagb-container uagb-block-bf59e90e alignfull uagb-is-root-container\"><div class=\"uagb-container-inner-blocks-wrap\">\n<p style=\"text-align: justify; font-size: 20px;\">La historia del Concejo Deliberante nace hacia finales del siglo XIX.&nbsp;<\/p>\n<p style=\"text-align: justify; margin-top: -30px; font-size: 20px;\">En el a\u00f1o 1877, durante el gobierno de Juan Sol\u00e1, se crea el Honorable Concejo Deliberante de la ciudad de Salta, en virtud a lo dispuesto por la Ley Org\u00e1nica de Municipales Nro. 174.&nbsp; Su conformaci\u00f3n, desde los or\u00edgenes, ha permitido que cientos de vecinos asuman la responsabilidad de representar a sus pares en un mosaico ideol\u00f3gico, donde cada una de las ideas y posturas se han ido plasmando en la legislaci\u00f3n vigente, lo que ha contribuido, sobremanera, para definir el perfil que hoy muestra la ciudad de Salta.&nbsp;<\/p>\n<p style=\"text-align: justify; margin-top: -30px; font-size: 20px;\">Esto es as\u00ed dado que este \u00e1mbito deliberativo es la caja de resonancia de los problemas cotidianos que viven los integrantes de una comunidad, ya que est\u00e1n relacionados a los temas que en forma diaria preocupan a los vecinos, tales como el transporte p\u00fablico, los espacios verdes, pavimentaci\u00f3n, alumbrado p\u00fablico y otros que hacen al prop\u00f3sito de una mejor calidad de vida.&nbsp;<\/p>\n<\/div><\/div>\n\n\n\n<div class=\"wp-block-uagb-container uagb-block-b749b5fa alignfull uagb-is-root-container\"><div class=\"uagb-container-inner-blocks-wrap\">\n<figure class=\"wp-block-image aligncenter size-full is-resized\"><img loading=\"lazy\" decoding=\"async\" width=\"799\" height=\"533\" src=\"https:\/\/cdsalta.gob.ar\/wp-content\/uploads\/2025\/08\/Edificio.jpg\" alt=\"\" class=\"wp-image-1912\" style=\"width:1137px;height:auto\" srcset=\"https:\/\/cdsalta.gob.ar\/wp-content\/uploads\/2025\/08\/Edificio.jpg 799w, https:\/\/cdsalta.gob.ar\/wp-content\/uploads\/2025\/08\/Edificio-300x200.jpg 300w, https:\/\/cdsalta.gob.ar\/wp-content\/uploads\/2025\/08\/Edificio-768x512.jpg 768w\" sizes=\"auto, (max-width: 799px) 100vw, 799px\" \/><\/figure>\n<\/div><\/div>\n\n\n\n<div class=\"wp-block-uagb-container uagb-block-fd438a4a alignfull uagb-is-root-container\"><div class=\"uagb-container-inner-blocks-wrap\">\n<p style=\"text-align: justify; font-size: 20px;\">Partidos nacionales, provinciales y municipales, han accedido a trav\u00e9s de sus afiliados, militantes o dirigentes a los esca\u00f1os legislativos y cada uno dej\u00f3 su impronta en una enorme cantidad de Ordenanzas y Resoluciones con las que se ha buscado darle un ordenamiento jur\u00eddico y urbano, a una ciudad que ha tenido un crecimiento demogr\u00e1fico espectacular en las \u00faltimas d\u00e9cadas.\u00a0<\/p>\n<p style=\"text-align: justify; margin-top: -30px; font-size: 20px;\">A medida que la poblaci\u00f3n fue creciendo, el Concejo Deliberante fue variando el n\u00famero de sus integrantes, contando en alg\u00fan momento con 9 miembros, siendo en la actualidad 21 sus integrantes, que representan a las diferentes fuerzas pol\u00edticas de nuestra ciudad. Su objetivo es el de siempre: ocuparse de la ciudad, lo que hace que su existencia resulte fundamental para que d\u00eda a d\u00eda, la calidad de vida de sus habitantes sea mejor.\u00a0<\/p>\n<p style=\"text-align: justify; margin-top: -30px; font-size: 20px;\">El Concejo Deliberante de ciudad de Salta es la instituci\u00f3n que hasta hoy perdura como una expresi\u00f3n genuina de la representaci\u00f3n ciudadana en la capital de la provincia.\u00a0<\/p>\n<p style=\"text-align: justify; margin-top: -30px; font-size: 20px;\"><strong><em>(La investigaci\u00f3n sobre el nacimiento del Concejo Deliberante de Salta, se debe a la inquietud de dos empleados de este cuerpo: F\u00e9lix Marcelo Fern\u00e1ndez y Tito Murgu\u00eda Mendoza, quienes recabaron los antecedentes hist\u00f3ricos sobre los or\u00edgenes del cuerpo deliberativo comunal salte\u00f1o)<\/em><\/strong><\/p>\n<\/div><\/div>\n","protected":false},"excerpt":{"rendered":"<p>Historia del Concejo Deliberante de la Ciudad de Salta La historia del Concejo Deliberante nace hacia finales del siglo XIX.&nbsp; [&hellip;]<\/p>\n","protected":false},"author":1,"featured_media":0,"parent":0,"menu_order":0,"comment_status":"closed","ping_status":"closed","template":"","meta":{"_uag_custom_page_level_css":"","site-sidebar-layout":"default","site-content-layout":"","ast-site-content-layout":"default","site-content-style":"default","site-sidebar-style":"default","ast-global-header-display":"","ast-banner-title-visibility":"","ast-main-header-display":"","ast-hfb-above-header-display":"","ast-hfb-below-header-display":"","ast-hfb-mobile-header-display":"","site-post-title":"disabled","ast-breadcrumbs-content":"","ast-featured-img":"","footer-sml-layout":"","ast-disable-related-posts":"","theme-transparent-header-meta":"default","adv-header-id-meta":"","stick-header-meta":"","header-above-stick-meta":"","header-main-stick-meta":"","header-below-stick-meta":"","astra-migrate-meta-layouts":"set","ast-page-background-enabled":"default","ast-page-background-meta":{"desktop":{"background-color":"var(--ast-global-color-5)","background-image":"","background-repeat":"repeat","background-position":"center center","background-size":"auto","background-attachment":"scroll","background-type":"","background-media":"","overlay-type":"","overlay-color":"","overlay-opacity":"","overlay-gradient":""},"tablet":{"background-color":"","background-image":"","background-repeat":"repeat","background-position":"center center","background-size":"auto","background-attachment":"scroll","background-type":"","background-media":"","overlay-type":"","overlay-color":"","overlay-opacity":"","overlay-gradient":""},"mobile":{"background-color":"","background-image":"","background-repeat":"repeat","background-position":"center center","background-size":"auto","background-attachment":"scroll","background-type":"","background-media":"","overlay-type":"","overlay-color":"","overlay-opacity":"","overlay-gradient":""}},"ast-content-background-meta":{"desktop":{"background-color":"var(--ast-global-color-4)","background-image":"","background-repeat":"repeat","background-position":"center center","background-size":"auto","background-attachment":"scroll","background-type":"","background-media":"","overlay-type":"","overlay-color":"","overlay-opacity":"","overlay-gradient":""},"tablet":{"background-color":"var(--ast-global-color-4)","background-image":"","background-repeat":"repeat","background-position":"center center","background-size":"auto","background-attachment":"scroll","background-type":"","background-media":"","overlay-type":"","overlay-color":"","overlay-opacity":"","overlay-gradient":""},"mobile":{"background-color":"var(--ast-global-color-4)","background-image":"","background-repeat":"repeat","background-position":"center center","background-size":"auto","background-attachment":"scroll","background-type":"","background-media":"","overlay-type":"","overlay-color":"","overlay-opacity":"","overlay-gradient":""}},"footnotes":""},"class_list":["post-128","page","type-page","status-publish","hentry"],"uagb_featured_image_src":{"full":false,"thumbnail":false,"medium":false,"medium_large":false,"large":false,"1536x1536":false,"2048x2048":false,"mailpoet_newsletter_max":false},"uagb_author_info":{"display_name":"cdsistema","author_link":"https:\/\/cdsalta.gob.ar\/index.php\/author\/cdsistema\/"},"uagb_comment_info":0,"uagb_excerpt":"Historia del Concejo Deliberante de la Ciudad de Salta La historia del Concejo Deliberante nace hacia finales del siglo XIX.&nbsp; [&hellip;]","_links":{"self":[{"href":"https:\/\/cdsalta.gob.ar\/index.php\/wp-json\/wp\/v2\/pages\/128","targetHints":{"allow":["GET"]}}],"collection":[{"href":"https:\/\/cdsalta.gob.ar\/index.php\/wp-json\/wp\/v2\/pages"}],"about":[{"href":"https:\/\/cdsalta.gob.ar\/index.php\/wp-json\/wp\/v2\/types\/page"}],"author":[{"embeddable":true,"href":"https:\/\/cdsalta.gob.ar\/index.php\/wp-json\/wp\/v2\/users\/1"}],"replies":[{"embeddable":true,"href":"https:\/\/cdsalta.gob.ar\/index.php\/wp-json\/wp\/v2\/comments?post=128"}],"version-history":[{"count":11,"href":"https:\/\/cdsalta.gob.ar\/index.php\/wp-json\/wp\/v2\/pages\/128\/revisions"}],"predecessor-version":[{"id":4163,"href":"https:\/\/cdsalta.gob.ar\/index.php\/wp-json\/wp\/v2\/pages\/128\/revisions\/4163"}],"wp:attachment":[{"href":"https:\/\/cdsalta.gob.ar\/index.php\/wp-json\/wp\/v2\/media?parent=128"}],"curies":[{"name":"wp","href":"https:\/\/api.w.org\/{rel}","templated":true}]}}