{"id":1362,"date":"2025-07-17T11:18:51","date_gmt":"2025-07-17T14:18:51","guid":{"rendered":"http:\/\/concejo.rdb-ti.com\/?page_id=1362"},"modified":"2025-07-17T11:52:25","modified_gmt":"2025-07-17T14:52:25","slug":"mujeres-destacadas","status":"publish","type":"page","link":"https:\/\/cdsalta.gob.ar\/index.php\/mujeres-destacadas\/","title":{"rendered":"mujeres destacadas"},"content":{"rendered":"\n<div class=\"wp-block-uagb-container uagb-block-9cf4bd30 alignfull uagb-is-root-container\"><div class=\"uagb-container-inner-blocks-wrap\">\n<div class=\"wp-block-uagb-advanced-heading uagb-block-3df97a6c\"><h2 class=\"uagb-heading-text\">Distinci\u00f3n \u201cMacacha\u00a0G\u00fcemes\u201d a Mujeres destacadas de la ciudad de Salta<\/h2><\/div>\n<\/div><\/div>\n\n\n\n<div class=\"wp-block-uagb-container uagb-block-0c73da91 alignfull uagb-is-root-container\"><div class=\"uagb-container-inner-blocks-wrap\">\n<p style=\"text-align: justify; font-size: 20px;\">El Concejo Deliberante de Salta otorga cada a\u00f1o el reconocimiento \u201cMacacha\u00a0G\u00fcemes\u201d a mujeres de nuestra Ciudad que se destacan por realizar una actividad concreta y trascendente dando muestras acabadas y relevantes de sus cualidades morales y de su vocaci\u00f3n de servicio altruista, humanista y desinteresada.<\/p>\n<\/div><\/div>\n\n\n\n<div class=\"wp-block-uagb-container uagb-block-c6b002c8 alignfull uagb-is-root-container\"><div class=\"uagb-container-inner-blocks-wrap\">\n<div class=\"alignnormal\"><div id=\"metaslider-id-1393\" style=\"width: 100%;\" class=\"ml-slider-3-107-0 metaslider metaslider-flex metaslider-1393 ml-slider has-dots-nav ms-theme-default-base\" role=\"region\" aria-label=\"MujerDestacada\" data-height=\"1280\" data-width=\"1920\">\n    <div id=\"metaslider_container_1393\">\n        <div id=\"metaslider_1393\">\n            <ul class='slides'>\n                <li style=\"display: block; width: 100%;\" class=\"slide-1394 ms-image \" aria-roledescription=\"slide\" data-date=\"2025-07-17 11:30:16\" data-filename=\"macahca1-1920x1280.jpg\" data-slide-type=\"image\"><img loading=\"lazy\" decoding=\"async\" src=\"https:\/\/cdsalta.gob.ar\/wp-content\/uploads\/2025\/07\/macahca1-1920x1280.jpg\" height=\"1280\" width=\"1920\" alt=\"\" class=\"slider-1393 slide-1394 msDefaultImage\" title=\"macahca1\" \/><\/li>\n                <li style=\"display: none; width: 100%;\" class=\"slide-1395 ms-image \" aria-roledescription=\"slide\" data-date=\"2025-07-17 11:30:16\" data-filename=\"macahca2-1920x1280.jpg\" data-slide-type=\"image\"><img loading=\"lazy\" decoding=\"async\" src=\"https:\/\/cdsalta.gob.ar\/wp-content\/uploads\/2025\/07\/macahca2-1920x1280.jpg\" height=\"1280\" width=\"1920\" alt=\"\" class=\"slider-1393 slide-1395 msDefaultImage\" title=\"macahca2\" \/><\/li>\n                <li style=\"display: none; width: 100%;\" class=\"slide-1396 ms-image \" aria-roledescription=\"slide\" data-date=\"2025-07-17 11:30:16\" data-filename=\"macahca3-1920x1280.jpg\" data-slide-type=\"image\"><img loading=\"lazy\" decoding=\"async\" src=\"https:\/\/cdsalta.gob.ar\/wp-content\/uploads\/2025\/07\/macahca3-1920x1280.jpg\" height=\"1280\" width=\"1920\" alt=\"\" class=\"slider-1393 slide-1396 msDefaultImage\" title=\"macahca3\" \/><\/li>\n                <li style=\"display: none; width: 100%;\" class=\"slide-1397 ms-image \" aria-roledescription=\"slide\" data-date=\"2025-07-17 11:30:16\" data-filename=\"macahca4-1920x1280.jpg\" data-slide-type=\"image\"><img loading=\"lazy\" decoding=\"async\" src=\"https:\/\/cdsalta.gob.ar\/wp-content\/uploads\/2025\/07\/macahca4-1920x1280.jpg\" height=\"1280\" width=\"1920\" alt=\"\" class=\"slider-1393 slide-1397 msDefaultImage\" title=\"macahca4\" \/><\/li>\n                <li style=\"display: none; width: 100%;\" class=\"slide-1398 ms-image \" aria-roledescription=\"slide\" data-date=\"2025-07-17 11:30:16\" data-filename=\"macahca5-1920x1280.jpg\" data-slide-type=\"image\"><img loading=\"lazy\" decoding=\"async\" src=\"https:\/\/cdsalta.gob.ar\/wp-content\/uploads\/2025\/07\/macahca5-1920x1280.jpg\" height=\"1280\" width=\"1920\" alt=\"\" class=\"slider-1393 slide-1398 msDefaultImage\" title=\"macahca5\" \/><\/li>\n                <li style=\"display: none; width: 100%;\" class=\"slide-1399 ms-image \" aria-roledescription=\"slide\" data-date=\"2025-07-17 11:30:16\" data-filename=\"macahca6-1920x1280.jpg\" data-slide-type=\"image\"><img loading=\"lazy\" decoding=\"async\" src=\"https:\/\/cdsalta.gob.ar\/wp-content\/uploads\/2025\/07\/macahca6-1920x1280.jpg\" height=\"1280\" width=\"1920\" alt=\"\" class=\"slider-1393 slide-1399 msDefaultImage\" title=\"macahca6\" \/><\/li>\n                <li style=\"display: none; width: 100%;\" class=\"slide-1400 ms-image \" aria-roledescription=\"slide\" data-date=\"2025-07-17 11:30:16\" data-filename=\"macahca7-1920x1280.jpg\" data-slide-type=\"image\"><img loading=\"lazy\" decoding=\"async\" src=\"https:\/\/cdsalta.gob.ar\/wp-content\/uploads\/2025\/07\/macahca7-1920x1280.jpg\" height=\"1280\" width=\"1920\" alt=\"\" class=\"slider-1393 slide-1400 msDefaultImage\" title=\"macahca7\" \/><\/li>\n                <li style=\"display: none; width: 100%;\" class=\"slide-1401 ms-image \" aria-roledescription=\"slide\" data-date=\"2025-07-17 11:30:16\" data-filename=\"macahca8-1231x821.jpg\" data-slide-type=\"image\"><img loading=\"lazy\" decoding=\"async\" src=\"https:\/\/cdsalta.gob.ar\/wp-content\/uploads\/2025\/07\/macahca8-1231x821.jpg\" height=\"1280\" width=\"1920\" alt=\"\" class=\"slider-1393 slide-1401 msDefaultImage\" title=\"macahca8\" \/><\/li>\n            <\/ul>\n        <\/div>\n        \n    <\/div>\n<\/div><\/div>\n<\/div><\/div>\n\n\n\n<div class=\"wp-block-uagb-container uagb-block-246cdac8 alignfull uagb-is-root-container\"><div class=\"uagb-container-inner-blocks-wrap\">\n<p style=\"text-align: justify; font-size: 20px;\">La Comisi\u00f3n de\u00a0Derechos Humanos, Mujeres, G\u00e9neros y Diversidad es la encargada de realizar el proceso de selecci\u00f3n y dictaminar sobre las propuestas presentadas, las que luego son puestas a consideraci\u00f3n para ser aprobada en Sesi\u00f3n Ordinaria por el Cuerpo Deliberativo.<\/p>\n<p style=\"text-align: justify; margin-top: -40px; font-size: 20px;\">Las\u00a0\u00e1reas en que las mujeres destacadas del a\u00f1o tienen su reconocimiento son: acci\u00f3n social, cultura, educaci\u00f3n, ciencia, deporte, salud y las que la Comisi\u00f3n de Derechos Humanos, Mujeres, G\u00e9neros y Diversidad considere pertinente.<\/p>\n<\/div><\/div>\n","protected":false},"excerpt":{"rendered":"<p>Distinci\u00f3n \u201cMacacha\u00a0G\u00fcemes\u201d a Mujeres destacadas de la ciudad de Salta El Concejo Deliberante de Salta otorga cada a\u00f1o el reconocimiento [&hellip;]<\/p>\n","protected":false},"author":1,"featured_media":0,"parent":0,"menu_order":0,"comment_status":"closed","ping_status":"closed","template":"","meta":{"_uag_custom_page_level_css":"","site-sidebar-layout":"default","site-content-layout":"","ast-site-content-layout":"default","site-content-style":"default","site-sidebar-style":"default","ast-global-header-display":"","ast-banner-title-visibility":"","ast-main-header-display":"","ast-hfb-above-header-display":"","ast-hfb-below-header-display":"","ast-hfb-mobile-header-display":"","site-post-title":"disabled","ast-breadcrumbs-content":"","ast-featured-img":"","footer-sml-layout":"","ast-disable-related-posts":"","theme-transparent-header-meta":"","adv-header-id-meta":"","stick-header-meta":"","header-above-stick-meta":"","header-main-stick-meta":"","header-below-stick-meta":"","astra-migrate-meta-layouts":"default","ast-page-background-enabled":"default","ast-page-background-meta":{"desktop":{"background-color":"var(--ast-global-color-5)","background-image":"","background-repeat":"repeat","background-position":"center center","background-size":"auto","background-attachment":"scroll","background-type":"","background-media":"","overlay-type":"","overlay-color":"","overlay-opacity":"","overlay-gradient":""},"tablet":{"background-color":"","background-image":"","background-repeat":"repeat","background-position":"center center","background-size":"auto","background-attachment":"scroll","background-type":"","background-media":"","overlay-type":"","overlay-color":"","overlay-opacity":"","overlay-gradient":""},"mobile":{"background-color":"","background-image":"","background-repeat":"repeat","background-position":"center center","background-size":"auto","background-attachment":"scroll","background-type":"","background-media":"","overlay-type":"","overlay-color":"","overlay-opacity":"","overlay-gradient":""}},"ast-content-background-meta":{"desktop":{"background-color":"var(--ast-global-color-4)","background-image":"","background-repeat":"repeat","background-position":"center center","background-size":"auto","background-attachment":"scroll","background-type":"","background-media":"","overlay-type":"","overlay-color":"","overlay-opacity":"","overlay-gradient":""},"tablet":{"background-color":"var(--ast-global-color-4)","background-image":"","background-repeat":"repeat","background-position":"center center","background-size":"auto","background-attachment":"scroll","background-type":"","background-media":"","overlay-type":"","overlay-color":"","overlay-opacity":"","overlay-gradient":""},"mobile":{"background-color":"var(--ast-global-color-4)","background-image":"","background-repeat":"repeat","background-position":"center center","background-size":"auto","background-attachment":"scroll","background-type":"","background-media":"","overlay-type":"","overlay-color":"","overlay-opacity":"","overlay-gradient":""}},"footnotes":""},"class_list":["post-1362","page","type-page","status-publish","hentry"],"uagb_featured_image_src":{"full":false,"thumbnail":false,"medium":false,"medium_large":false,"large":false,"1536x1536":false,"2048x2048":false,"mailpoet_newsletter_max":false},"uagb_author_info":{"display_name":"cdsistema","author_link":"https:\/\/cdsalta.gob.ar\/index.php\/author\/cdsistema\/"},"uagb_comment_info":0,"uagb_excerpt":"Distinci\u00f3n \u201cMacacha\u00a0G\u00fcemes\u201d a Mujeres destacadas de la ciudad de Salta El Concejo Deliberante de Salta otorga cada a\u00f1o el reconocimiento [&hellip;]","_links":{"self":[{"href":"https:\/\/cdsalta.gob.ar\/index.php\/wp-json\/wp\/v2\/pages\/1362","targetHints":{"allow":["GET"]}}],"collection":[{"href":"https:\/\/cdsalta.gob.ar\/index.php\/wp-json\/wp\/v2\/pages"}],"about":[{"href":"https:\/\/cdsalta.gob.ar\/index.php\/wp-json\/wp\/v2\/types\/page"}],"author":[{"embeddable":true,"href":"https:\/\/cdsalta.gob.ar\/index.php\/wp-json\/wp\/v2\/users\/1"}],"replies":[{"embeddable":true,"href":"https:\/\/cdsalta.gob.ar\/index.php\/wp-json\/wp\/v2\/comments?post=1362"}],"version-history":[{"count":7,"href":"https:\/\/cdsalta.gob.ar\/index.php\/wp-json\/wp\/v2\/pages\/1362\/revisions"}],"predecessor-version":[{"id":1420,"href":"https:\/\/cdsalta.gob.ar\/index.php\/wp-json\/wp\/v2\/pages\/1362\/revisions\/1420"}],"wp:attachment":[{"href":"https:\/\/cdsalta.gob.ar\/index.php\/wp-json\/wp\/v2\/media?parent=1362"}],"curies":[{"name":"wp","href":"https:\/\/api.w.org\/{rel}","templated":true}]}}