{"id":1365,"date":"2025-07-17T11:19:44","date_gmt":"2025-07-17T14:19:44","guid":{"rendered":"http:\/\/concejo.rdb-ti.com\/?page_id=1365"},"modified":"2025-10-08T10:37:53","modified_gmt":"2025-10-08T13:37:53","slug":"concejales-por-un-dia","status":"publish","type":"page","link":"https:\/\/cdsalta.gob.ar\/index.php\/concejales-por-un-dia\/","title":{"rendered":"concejales por un dia"},"content":{"rendered":"\n<div class=\"wp-block-uagb-container uagb-block-ac27203d alignfull uagb-is-root-container\"><div class=\"uagb-container-inner-blocks-wrap\">\n<div class=\"wp-block-uagb-advanced-heading uagb-block-5428a148\"><h2 class=\"uagb-heading-text\">Concejales por un D\u00eda<\/h2><\/div>\n<\/div><\/div>\n\n\n\n<div class=\"wp-block-uagb-container uagb-block-9d31b0d0 alignfull uagb-is-root-container\"><div class=\"uagb-container-inner-blocks-wrap\">\n<p style=\"text-align: justify; font-size: 20px;\">El Programa \u201cConcejales por un D\u00eda\u201d, establecido mediante Resoluci\u00f3n N\u00b0 289\/22, est\u00e1 destinado a j\u00f3venes estudiantes del cuarto y quinto a\u00f1o del nivel secundario, con el objetivo de ense\u00f1ar sobre la labor legislativa de la instituci\u00f3n, propiciar el debate y la participaci\u00f3n ciudadana.<\/p>\n<\/div><\/div>\n\n\n\n<div class=\"wp-block-uagb-container uagb-block-41d429df alignfull uagb-is-root-container\"><div class=\"uagb-container-inner-blocks-wrap\">\n<ul>\n<li style=\"text-align: justify; font-size: 20px;\"><a href=\"https:\/\/forms.gle\/XBcF4Hwq2yx9oZeN7\">INSCRIPCIONES. <\/a><\/li>\n<li style=\"text-align: justify; font-size: 20px;\"><a href=\"https:\/\/cdsalta.gob.ar\/wp-content\/uploads\/2025\/10\/RESOLUCION-217.pdf\">Resoluci\u00f3n 217. <\/a><\/li>\n<li style=\"text-align: justify; font-size: 20px;\"><a href=\"https:\/\/cdsalta.gob.ar\/wp-content\/uploads\/2025\/10\/RESOLUCION-289.pdf\">Resoluci\u00f3n 289. <\/a><\/li>\n<li style=\"text-align: justify; font-size: 20px;\"><a href=\"https:\/\/cdsalta.gob.ar\/wp-content\/uploads\/2025\/10\/RESOLUCION-630-violencia-de-genero-pdf.pdf\">Resoluci\u00f3n 630 (Violencia de G\u00e9nero)<\/a><\/li>\n<li style=\"text-align: justify; font-size: 20px;\"><a href=\"https:\/\/cdsalta.gob.ar\/wp-content\/uploads\/2025\/10\/concejal_por_un_dia.pdf\">Descargar Cartilla<\/a>.<\/li>\n<\/ul>\n<p>\u00a0<\/p>\n<\/div><\/div>\n\n\n\n<div class=\"wp-block-uagb-container uagb-block-88af31bf alignfull uagb-is-root-container\"><div class=\"uagb-container-inner-blocks-wrap\">\n<div class=\"alignnormal\"><div id=\"metaslider-id-1384\" style=\"width: 100%;\" class=\"ml-slider-3-107-0 metaslider metaslider-flex metaslider-1384 ml-slider has-dots-nav ms-theme-default-base\" role=\"region\" aria-label=\"ConcejalPorUnDia\" data-height=\"1280\" data-width=\"1920\">\n    <div id=\"metaslider_container_1384\">\n        <div id=\"metaslider_1384\">\n            <ul class='slides'>\n                <li style=\"display: block; width: 100%;\" class=\"slide-1385 ms-image \" aria-roledescription=\"slide\" data-date=\"2025-07-17 11:28:57\" data-filename=\"porUnDia1-1440x960.jpg\" data-slide-type=\"image\"><img loading=\"lazy\" decoding=\"async\" src=\"https:\/\/cdsalta.gob.ar\/wp-content\/uploads\/2025\/07\/porUnDia1-1440x960.jpg\" height=\"1280\" width=\"1920\" alt=\"\" class=\"slider-1384 slide-1385 msDefaultImage\" title=\"porUnDia1\" \/><\/li>\n                <li style=\"display: none; width: 100%;\" class=\"slide-1386 ms-image \" aria-roledescription=\"slide\" data-date=\"2025-07-17 11:28:57\" data-filename=\"porUnDia2.jpg\" data-slide-type=\"image\"><img loading=\"lazy\" decoding=\"async\" src=\"https:\/\/cdsalta.gob.ar\/wp-content\/uploads\/2025\/07\/porUnDia2.jpg\" height=\"1280\" width=\"1920\" alt=\"\" class=\"slider-1384 slide-1386 msDefaultImage\" title=\"porUnDia2\" \/><\/li>\n                <li style=\"display: none; width: 100%;\" class=\"slide-1387 ms-image \" aria-roledescription=\"slide\" data-date=\"2025-07-17 11:28:57\" data-filename=\"porUnDia3.jpg\" data-slide-type=\"image\"><img loading=\"lazy\" decoding=\"async\" src=\"https:\/\/cdsalta.gob.ar\/wp-content\/uploads\/2025\/07\/porUnDia3.jpg\" height=\"1280\" width=\"1920\" alt=\"\" class=\"slider-1384 slide-1387 msDefaultImage\" title=\"porUnDia3\" \/><\/li>\n                <li style=\"display: none; width: 100%;\" class=\"slide-1388 ms-image \" aria-roledescription=\"slide\" data-date=\"2025-07-17 11:28:57\" data-filename=\"porUnDia4-1362x908.jpg\" data-slide-type=\"image\"><img loading=\"lazy\" decoding=\"async\" src=\"https:\/\/cdsalta.gob.ar\/wp-content\/uploads\/2025\/07\/porUnDia4-1362x908.jpg\" height=\"1280\" width=\"1920\" alt=\"\" class=\"slider-1384 slide-1388 msDefaultImage\" title=\"porUnDia4\" \/><\/li>\n                <li style=\"display: none; width: 100%;\" class=\"slide-1389 ms-image \" aria-roledescription=\"slide\" data-date=\"2025-07-17 11:28:57\" data-filename=\"porUnDia5.jpg\" data-slide-type=\"image\"><img loading=\"lazy\" decoding=\"async\" src=\"https:\/\/cdsalta.gob.ar\/wp-content\/uploads\/2025\/07\/porUnDia5.jpg\" height=\"1280\" width=\"1920\" alt=\"\" class=\"slider-1384 slide-1389 msDefaultImage\" title=\"porUnDia5\" \/><\/li>\n                <li style=\"display: none; width: 100%;\" class=\"slide-1390 ms-image \" aria-roledescription=\"slide\" data-date=\"2025-07-17 11:28:57\" data-filename=\"porUnDia6.jpg\" data-slide-type=\"image\"><img loading=\"lazy\" decoding=\"async\" src=\"https:\/\/cdsalta.gob.ar\/wp-content\/uploads\/2025\/07\/porUnDia6.jpg\" height=\"1280\" width=\"1920\" alt=\"\" class=\"slider-1384 slide-1390 msDefaultImage\" title=\"porUnDia6\" \/><\/li>\n                <li style=\"display: none; width: 100%;\" class=\"slide-1391 ms-image \" aria-roledescription=\"slide\" data-date=\"2025-07-17 11:28:57\" data-filename=\"porUnDia7.jpg\" data-slide-type=\"image\"><img loading=\"lazy\" decoding=\"async\" src=\"https:\/\/cdsalta.gob.ar\/wp-content\/uploads\/2025\/07\/porUnDia7.jpg\" height=\"1280\" width=\"1920\" alt=\"\" class=\"slider-1384 slide-1391 msDefaultImage\" title=\"porUnDia7\" \/><\/li>\n                <li style=\"display: none; width: 100%;\" class=\"slide-1392 ms-image \" aria-roledescription=\"slide\" data-date=\"2025-07-17 11:28:58\" data-filename=\"porUnDia8-1546x1030.jpg\" data-slide-type=\"image\"><img loading=\"lazy\" decoding=\"async\" src=\"https:\/\/cdsalta.gob.ar\/wp-content\/uploads\/2025\/07\/porUnDia8-1546x1030.jpg\" height=\"1280\" width=\"1920\" alt=\"\" class=\"slider-1384 slide-1392 msDefaultImage\" title=\"porUnDia8\" \/><\/li>\n            <\/ul>\n        <\/div>\n        \n    <\/div>\n<\/div><\/div>\n<\/div><\/div>\n\n\n\n<div class=\"wp-block-uagb-container uagb-block-e8a20cbf alignfull uagb-is-root-container\"><div class=\"uagb-container-inner-blocks-wrap\">\n<p style=\"text-align: justify; font-size: 20px;\">La implementaci\u00f3n del Programa la realiza Presidencia del Concejo Deliberante a trav\u00e9s de Coordinaci\u00f3n General, junto a un equipo de trabajo integrado por representantes de las Comisiones de Cultura, Turismo, Recreaci\u00f3n, Educaci\u00f3n, Prensa y Relaciones Interjurisdiccionales y de Derechos Humanos, Mujeres, G\u00e9neros y Diversidad.<\/p>\n<\/div><\/div>\n","protected":false},"excerpt":{"rendered":"<p>Concejales por un D\u00eda El Programa \u201cConcejales por un D\u00eda\u201d, establecido mediante Resoluci\u00f3n N\u00b0 289\/22, est\u00e1 destinado a j\u00f3venes estudiantes [&hellip;]<\/p>\n","protected":false},"author":1,"featured_media":0,"parent":0,"menu_order":0,"comment_status":"closed","ping_status":"closed","template":"","meta":{"_uag_custom_page_level_css":"","site-sidebar-layout":"default","site-content-layout":"","ast-site-content-layout":"default","site-content-style":"default","site-sidebar-style":"default","ast-global-header-display":"","ast-banner-title-visibility":"","ast-main-header-display":"","ast-hfb-above-header-display":"","ast-hfb-below-header-display":"","ast-hfb-mobile-header-display":"","site-post-title":"disabled","ast-breadcrumbs-content":"","ast-featured-img":"","footer-sml-layout":"","ast-disable-related-posts":"","theme-transparent-header-meta":"","adv-header-id-meta":"","stick-header-meta":"","header-above-stick-meta":"","header-main-stick-meta":"","header-below-stick-meta":"","astra-migrate-meta-layouts":"default","ast-page-background-enabled":"default","ast-page-background-meta":{"desktop":{"background-color":"var(--ast-global-color-5)","background-image":"","background-repeat":"repeat","background-position":"center center","background-size":"auto","background-attachment":"scroll","background-type":"","background-media":"","overlay-type":"","overlay-color":"","overlay-opacity":"","overlay-gradient":""},"tablet":{"background-color":"","background-image":"","background-repeat":"repeat","background-position":"center center","background-size":"auto","background-attachment":"scroll","background-type":"","background-media":"","overlay-type":"","overlay-color":"","overlay-opacity":"","overlay-gradient":""},"mobile":{"background-color":"","background-image":"","background-repeat":"repeat","background-position":"center center","background-size":"auto","background-attachment":"scroll","background-type":"","background-media":"","overlay-type":"","overlay-color":"","overlay-opacity":"","overlay-gradient":""}},"ast-content-background-meta":{"desktop":{"background-color":"var(--ast-global-color-4)","background-image":"","background-repeat":"repeat","background-position":"center center","background-size":"auto","background-attachment":"scroll","background-type":"","background-media":"","overlay-type":"","overlay-color":"","overlay-opacity":"","overlay-gradient":""},"tablet":{"background-color":"var(--ast-global-color-4)","background-image":"","background-repeat":"repeat","background-position":"center center","background-size":"auto","background-attachment":"scroll","background-type":"","background-media":"","overlay-type":"","overlay-color":"","overlay-opacity":"","overlay-gradient":""},"mobile":{"background-color":"var(--ast-global-color-4)","background-image":"","background-repeat":"repeat","background-position":"center center","background-size":"auto","background-attachment":"scroll","background-type":"","background-media":"","overlay-type":"","overlay-color":"","overlay-opacity":"","overlay-gradient":""}},"footnotes":""},"class_list":["post-1365","page","type-page","status-publish","hentry"],"uagb_featured_image_src":{"full":false,"thumbnail":false,"medium":false,"medium_large":false,"large":false,"1536x1536":false,"2048x2048":false,"mailpoet_newsletter_max":false},"uagb_author_info":{"display_name":"cdsistema","author_link":"https:\/\/cdsalta.gob.ar\/index.php\/author\/cdsistema\/"},"uagb_comment_info":0,"uagb_excerpt":"Concejales por un D\u00eda El Programa \u201cConcejales por un D\u00eda\u201d, establecido mediante Resoluci\u00f3n N\u00b0 289\/22, est\u00e1 destinado a j\u00f3venes estudiantes [&hellip;]","_links":{"self":[{"href":"https:\/\/cdsalta.gob.ar\/index.php\/wp-json\/wp\/v2\/pages\/1365","targetHints":{"allow":["GET"]}}],"collection":[{"href":"https:\/\/cdsalta.gob.ar\/index.php\/wp-json\/wp\/v2\/pages"}],"about":[{"href":"https:\/\/cdsalta.gob.ar\/index.php\/wp-json\/wp\/v2\/types\/page"}],"author":[{"embeddable":true,"href":"https:\/\/cdsalta.gob.ar\/index.php\/wp-json\/wp\/v2\/users\/1"}],"replies":[{"embeddable":true,"href":"https:\/\/cdsalta.gob.ar\/index.php\/wp-json\/wp\/v2\/comments?post=1365"}],"version-history":[{"count":10,"href":"https:\/\/cdsalta.gob.ar\/index.php\/wp-json\/wp\/v2\/pages\/1365\/revisions"}],"predecessor-version":[{"id":3423,"href":"https:\/\/cdsalta.gob.ar\/index.php\/wp-json\/wp\/v2\/pages\/1365\/revisions\/3423"}],"wp:attachment":[{"href":"https:\/\/cdsalta.gob.ar\/index.php\/wp-json\/wp\/v2\/media?parent=1365"}],"curies":[{"name":"wp","href":"https:\/\/api.w.org\/{rel}","templated":true}]}}