{"id":1534,"date":"2025-07-30T11:41:09","date_gmt":"2025-07-30T14:41:09","guid":{"rendered":"http:\/\/concejo.rdb-ti.com\/?page_id=1534"},"modified":"2025-08-07T12:12:51","modified_gmt":"2025-08-07T15:12:51","slug":"telefonos","status":"publish","type":"page","link":"https:\/\/cdsalta.gob.ar\/index.php\/telefonos\/","title":{"rendered":"Telefonos"},"content":{"rendered":"\r\n<div class=\"wp-block-uagb-container uagb-block-9dd9b957 alignfull uagb-is-root-container\">\r\n<div class=\"uagb-container-inner-blocks-wrap\">\r\n<div class=\"wp-block-uagb-advanced-heading uagb-block-42ce867f\">\r\n<h2 class=\"uagb-heading-text\">L\u00edneas Telef\u00f3nicas Gratuitas<\/h2>\r\n<\/div>\r\n<\/div>\r\n<\/div>\r\n\r\n\r\n\r\n<div class=\"wp-block-uagb-container uagb-block-8cf4f170 alignfull uagb-is-root-container\">\r\n<div class=\"uagb-container-inner-blocks-wrap\">\r\n<figure class=\"wp-block-table is-style-stripes\" style=\"margin-top: 0; margin-bottom: 0; font-size: 19px; padding: 0;\">\r\n<table class=\"has-text-color has-link-color has-fixed-layout\" style=\"color: #3880b4;\">\r\n<thead>\r\n<tr>\r\n<th class=\"has-text-align-center\" data-align=\"center\"><span style=\"font-size: 18pt;\">N\u00famero<\/span><\/th>\r\n<th><span style=\"font-size: 18pt;\">Entidad<\/span><\/th>\r\n<\/tr>\r\n<\/thead>\r\n<tbody>\r\n<tr>\r\n<td class=\"has-text-align-center\" data-align=\"center\"><span style=\"font-size: 18pt;\">144<\/span><\/td>\r\n<td><span style=\"font-size: 18pt;\">Atenci\u00f3n, asesoramiento y contenci\u00f3n para situaciones de violencia por violencia de g\u00e9nero.<\/span><\/td>\r\n<\/tr>\r\n<tr>\r\n<td class=\"has-text-align-center\" data-align=\"center\"><span style=\"font-size: 18pt;\">102<\/span><\/td>\r\n<td><span style=\"font-size: 18pt;\">Atenci\u00f3n especializada sobre los derechos de ni\u00f1as, ni\u00f1os y adolescentes.<\/span><\/td>\r\n<\/tr>\r\n<tr>\r\n<td class=\"has-text-align-center\" data-align=\"center\"><span style=\"font-size: 18pt;\">911<\/span><\/td>\r\n<td><span style=\"font-size: 18pt;\">Atenci\u00f3n Emergencias<\/span><\/td>\r\n<\/tr>\r\n<tr>\r\n<td class=\"has-text-align-center\" data-align=\"center\"><span style=\"font-size: 18pt;\">148<\/span><\/td>\r\n<td><span style=\"font-size: 18pt;\">Atenci\u00f3n Ciudadana<\/span><\/td>\r\n<\/tr>\r\n<tr>\r\n<td class=\"has-text-align-center\" data-align=\"center\"><span style=\"font-size: 18pt;\">134<\/span><\/td>\r\n<td><span style=\"font-size: 18pt;\">Atenci\u00f3n por Tr\u00e1fico de drogas<\/span><\/td>\r\n<\/tr>\r\n<tr>\r\n<td class=\"has-text-align-center\" data-align=\"center\"><span style=\"font-size: 18pt;\">145<\/span><\/td>\r\n<td><span style=\"font-size: 18pt;\">Asistencia, denuncia por trata y explotaci\u00f3n de personas<\/span><\/td>\r\n<\/tr>\r\n<tr>\r\n<td class=\"has-text-align-center\" data-align=\"center\"><span style=\"font-size: 18pt;\">142<\/span><\/td>\r\n<td><span style=\"font-size: 18pt;\">Chicos perdidos en Argentina<\/span><\/td>\r\n<\/tr>\r\n<tr>\r\n<td class=\"has-text-align-center\" data-align=\"center\"><span style=\"font-size: 18pt;\">149<\/span><\/td>\r\n<td><span style=\"font-size: 18pt;\">Asistencia a v\u00edctimas de delitos<\/span><\/td>\r\n<\/tr>\r\n<tr>\r\n<td class=\"has-text-align-center\" data-align=\"center\"><span style=\"font-size: 18pt;\">137<\/span><\/td>\r\n<td><span style=\"font-size: 18pt;\">Asistencia y acompa\u00f1amiento a v\u00edctimas de violencia familiar y\/o sexual y de grooming.<\/span><\/td>\r\n<\/tr>\r\n<tr>\r\n<td class=\"has-text-align-center\" data-align=\"center\"><span style=\"font-size: 18pt;\">147<\/span><\/td>\r\n<td><span style=\"font-size: 18pt;\">Reclamos o denuncias, solicitar turnos y pedir\u00a0informaci\u00f3n de las diferentes \u00e1reas municipales.<\/span><\/td>\r\n<\/tr>\r\n<\/tbody>\r\n<\/table>\r\n<\/figure>\r\n<\/div>\r\n<\/div>\r\n","protected":false},"excerpt":{"rendered":"<p>L\u00edneas Telef\u00f3nicas Gratuitas N\u00famero Entidad 144 Atenci\u00f3n, asesoramiento y contenci\u00f3n para situaciones de violencia por violencia de g\u00e9nero. 102 Atenci\u00f3n [&hellip;]<\/p>\n","protected":false},"author":1,"featured_media":0,"parent":0,"menu_order":0,"comment_status":"closed","ping_status":"closed","template":"","meta":{"_uag_custom_page_level_css":"","site-sidebar-layout":"default","site-content-layout":"","ast-site-content-layout":"default","site-content-style":"default","site-sidebar-style":"default","ast-global-header-display":"","ast-banner-title-visibility":"","ast-main-header-display":"","ast-hfb-above-header-display":"","ast-hfb-below-header-display":"","ast-hfb-mobile-header-display":"","site-post-title":"disabled","ast-breadcrumbs-content":"","ast-featured-img":"","footer-sml-layout":"","ast-disable-related-posts":"","theme-transparent-header-meta":"default","adv-header-id-meta":"","stick-header-meta":"","header-above-stick-meta":"","header-main-stick-meta":"","header-below-stick-meta":"","astra-migrate-meta-layouts":"set","ast-page-background-enabled":"default","ast-page-background-meta":{"desktop":{"background-color":"var(--ast-global-color-5)","background-image":"","background-repeat":"repeat","background-position":"center center","background-size":"auto","background-attachment":"scroll","background-type":"","background-media":"","overlay-type":"","overlay-color":"","overlay-opacity":"","overlay-gradient":""},"tablet":{"background-color":"","background-image":"","background-repeat":"repeat","background-position":"center center","background-size":"auto","background-attachment":"scroll","background-type":"","background-media":"","overlay-type":"","overlay-color":"","overlay-opacity":"","overlay-gradient":""},"mobile":{"background-color":"","background-image":"","background-repeat":"repeat","background-position":"center center","background-size":"auto","background-attachment":"scroll","background-type":"","background-media":"","overlay-type":"","overlay-color":"","overlay-opacity":"","overlay-gradient":""}},"ast-content-background-meta":{"desktop":{"background-color":"var(--ast-global-color-4)","background-image":"","background-repeat":"repeat","background-position":"center center","background-size":"auto","background-attachment":"scroll","background-type":"","background-media":"","overlay-type":"","overlay-color":"","overlay-opacity":"","overlay-gradient":""},"tablet":{"background-color":"var(--ast-global-color-4)","background-image":"","background-repeat":"repeat","background-position":"center center","background-size":"auto","background-attachment":"scroll","background-type":"","background-media":"","overlay-type":"","overlay-color":"","overlay-opacity":"","overlay-gradient":""},"mobile":{"background-color":"var(--ast-global-color-4)","background-image":"","background-repeat":"repeat","background-position":"center center","background-size":"auto","background-attachment":"scroll","background-type":"","background-media":"","overlay-type":"","overlay-color":"","overlay-opacity":"","overlay-gradient":""}},"footnotes":""},"class_list":["post-1534","page","type-page","status-publish","hentry"],"uagb_featured_image_src":{"full":false,"thumbnail":false,"medium":false,"medium_large":false,"large":false,"1536x1536":false,"2048x2048":false,"mailpoet_newsletter_max":false},"uagb_author_info":{"display_name":"cdsistema","author_link":"https:\/\/cdsalta.gob.ar\/index.php\/author\/cdsistema\/"},"uagb_comment_info":0,"uagb_excerpt":"L\u00edneas Telef\u00f3nicas Gratuitas N\u00famero Entidad 144 Atenci\u00f3n, asesoramiento y contenci\u00f3n para situaciones de violencia por violencia de g\u00e9nero. 102 Atenci\u00f3n [&hellip;]","_links":{"self":[{"href":"https:\/\/cdsalta.gob.ar\/index.php\/wp-json\/wp\/v2\/pages\/1534","targetHints":{"allow":["GET"]}}],"collection":[{"href":"https:\/\/cdsalta.gob.ar\/index.php\/wp-json\/wp\/v2\/pages"}],"about":[{"href":"https:\/\/cdsalta.gob.ar\/index.php\/wp-json\/wp\/v2\/types\/page"}],"author":[{"embeddable":true,"href":"https:\/\/cdsalta.gob.ar\/index.php\/wp-json\/wp\/v2\/users\/1"}],"replies":[{"embeddable":true,"href":"https:\/\/cdsalta.gob.ar\/index.php\/wp-json\/wp\/v2\/comments?post=1534"}],"version-history":[{"count":8,"href":"https:\/\/cdsalta.gob.ar\/index.php\/wp-json\/wp\/v2\/pages\/1534\/revisions"}],"predecessor-version":[{"id":1623,"href":"https:\/\/cdsalta.gob.ar\/index.php\/wp-json\/wp\/v2\/pages\/1534\/revisions\/1623"}],"wp:attachment":[{"href":"https:\/\/cdsalta.gob.ar\/index.php\/wp-json\/wp\/v2\/media?parent=1534"}],"curies":[{"name":"wp","href":"https:\/\/api.w.org\/{rel}","templated":true}]}}