{"id":388,"date":"2025-06-10T08:52:51","date_gmt":"2025-06-10T11:52:51","guid":{"rendered":"http:\/\/concejo.rdb-ti.com\/?page_id=388"},"modified":"2025-10-13T11:13:48","modified_gmt":"2025-10-13T14:13:48","slug":"normas-institucionales","status":"publish","type":"page","link":"https:\/\/cdsalta.gob.ar\/index.php\/normas-institucionales\/","title":{"rendered":"Normas Institucionales"},"content":{"rendered":"\n<div class=\"wp-block-uagb-container uagb-block-2946ba12 alignfull uagb-is-root-container\"><div class=\"uagb-container-inner-blocks-wrap\">\n<h2 class=\"wp-block-heading has-text-align-center\">Normas  Institucionales<\/h2>\n<\/div><\/div>\n\n\n\n<figure class=\"wp-block-table is-style-stripes\"><table><thead><tr><th class=\"has-text-align-center\" data-align=\"center\">Elija una opci\u00f3n para descargar<\/th><\/tr><\/thead><tbody><tr><td class=\"has-text-align-center\" data-align=\"center\"><a href=\"https:\/\/cdsalta.gob.ar\/wp-content\/uploads\/2025\/10\/cd_autonomia_financiera.pdf\" target=\"_blank\" rel=\"noreferrer noopener\">Autonom\u00eda financiera<\/a><\/td><\/tr><tr><td class=\"has-text-align-center\" data-align=\"center\"><a href=\"https:\/\/cdsalta.gob.ar\/wp-content\/uploads\/2025\/10\/Carta-Organica-Municipal.pdf\" target=\"_blank\" rel=\"noreferrer noopener\">Carta org\u00e1nica municipal<\/a><\/td><\/tr><tr><td class=\"has-text-align-center\" data-align=\"center\"><a href=\"https:\/\/cdsalta.gob.ar\/wp-content\/uploads\/2025\/10\/constitucion_provincia_salta_regimen_municipal.pdf\" target=\"_blank\" rel=\"noreferrer noopener\">Constituci\u00f3n de la provincia &#8211; R\u00e9gimen municipal<\/a><\/td><\/tr><tr><td class=\"has-text-align-center\" data-align=\"center\"><a href=\"https:\/\/cdsalta.gob.ar\/wp-content\/uploads\/2025\/10\/ConstitucionProvincial2021.pdf\" target=\"_blank\" rel=\"noreferrer noopener\">Constituci\u00f3n de la Provincia de Salta<\/a><\/td><\/tr><tr><td class=\"has-text-align-center\" data-align=\"center\"><a href=\"https:\/\/cdsalta.gob.ar\/wp-content\/uploads\/2025\/10\/cd_convenio_colectivo_trabajo_empleados.pdf\" target=\"_blank\" rel=\"noreferrer noopener\">Convenio colectivo de trabajo del Concejo Deliberante<\/a><\/td><\/tr><tr><td class=\"has-text-align-center\" data-align=\"center\"><a href=\"https:\/\/cdsalta.gob.ar\/wp-content\/uploads\/2025\/10\/cd_resolucion_305_2015.pdf\" target=\"_blank\" rel=\"noreferrer noopener\">Estatuto del personal de planta permanente del Concejo Deliberante<\/a><\/td><\/tr><tr><td class=\"has-text-align-center\" data-align=\"center\"><a href=\"https:\/\/cdsalta.gob.ar\/wp-content\/uploads\/2025\/10\/ley_5348_procedimientos_administrativos.pdf\" target=\"_blank\" rel=\"noreferrer noopener\">Ley de procedimientos administrativos<\/a><\/td><\/tr><tr><td class=\"has-text-align-center\" data-align=\"center\"><a href=\"https:\/\/cdsalta.gob.ar\/wp-content\/uploads\/2025\/10\/cd_ordenanza_11895_declaracion_jurada_bienes.pdf\" target=\"_blank\" rel=\"noreferrer noopener\">Ordenanza N\u00b0 11895 Declaraci\u00f3n Jurada de Bienes<\/a><\/td><\/tr><tr><td class=\"has-text-align-center\" data-align=\"center\"><a href=\"https:\/\/cdsalta.gob.ar\/wp-content\/uploads\/2025\/10\/Reglamento-Interno-CD.pdf\" target=\"_blank\" rel=\"noreferrer noopener\">Reglamento interno del Concejo Deliberante<\/a><\/td><\/tr><tr><td class=\"has-text-align-center\" data-align=\"center\"><\/td><\/tr><\/tbody><\/table><\/figure>\n\n\n\n<p><\/p>\n","protected":false},"excerpt":{"rendered":"<p>Normas Institucionales Elija una opci\u00f3n para descargar Autonom\u00eda financiera Carta org\u00e1nica municipal Constituci\u00f3n de la provincia &#8211; R\u00e9gimen municipal Constituci\u00f3n [&hellip;]<\/p>\n","protected":false},"author":1,"featured_media":0,"parent":0,"menu_order":0,"comment_status":"closed","ping_status":"closed","template":"","meta":{"_uag_custom_page_level_css":"","site-sidebar-layout":"default","site-content-layout":"","ast-site-content-layout":"","site-content-style":"default","site-sidebar-style":"default","ast-global-header-display":"","ast-banner-title-visibility":"","ast-main-header-display":"","ast-hfb-above-header-display":"","ast-hfb-below-header-display":"","ast-hfb-mobile-header-display":"","site-post-title":"disabled","ast-breadcrumbs-content":"","ast-featured-img":"","footer-sml-layout":"","ast-disable-related-posts":"","theme-transparent-header-meta":"","adv-header-id-meta":"","stick-header-meta":"","header-above-stick-meta":"","header-main-stick-meta":"","header-below-stick-meta":"","astra-migrate-meta-layouts":"default","ast-page-background-enabled":"default","ast-page-background-meta":{"desktop":{"background-color":"var(--ast-global-color-5)","background-image":"","background-repeat":"repeat","background-position":"center center","background-size":"auto","background-attachment":"scroll","background-type":"","background-media":"","overlay-type":"","overlay-color":"","overlay-opacity":"","overlay-gradient":""},"tablet":{"background-color":"","background-image":"","background-repeat":"repeat","background-position":"center center","background-size":"auto","background-attachment":"scroll","background-type":"","background-media":"","overlay-type":"","overlay-color":"","overlay-opacity":"","overlay-gradient":""},"mobile":{"background-color":"","background-image":"","background-repeat":"repeat","background-position":"center center","background-size":"auto","background-attachment":"scroll","background-type":"","background-media":"","overlay-type":"","overlay-color":"","overlay-opacity":"","overlay-gradient":""}},"ast-content-background-meta":{"desktop":{"background-color":"var(--ast-global-color-4)","background-image":"","background-repeat":"repeat","background-position":"center center","background-size":"auto","background-attachment":"scroll","background-type":"","background-media":"","overlay-type":"","overlay-color":"","overlay-opacity":"","overlay-gradient":""},"tablet":{"background-color":"var(--ast-global-color-4)","background-image":"","background-repeat":"repeat","background-position":"center center","background-size":"auto","background-attachment":"scroll","background-type":"","background-media":"","overlay-type":"","overlay-color":"","overlay-opacity":"","overlay-gradient":""},"mobile":{"background-color":"var(--ast-global-color-4)","background-image":"","background-repeat":"repeat","background-position":"center center","background-size":"auto","background-attachment":"scroll","background-type":"","background-media":"","overlay-type":"","overlay-color":"","overlay-opacity":"","overlay-gradient":""}},"footnotes":""},"class_list":["post-388","page","type-page","status-publish","hentry"],"uagb_featured_image_src":{"full":false,"thumbnail":false,"medium":false,"medium_large":false,"large":false,"1536x1536":false,"2048x2048":false,"mailpoet_newsletter_max":false},"uagb_author_info":{"display_name":"cdsistema","author_link":"https:\/\/cdsalta.gob.ar\/index.php\/author\/cdsistema\/"},"uagb_comment_info":0,"uagb_excerpt":"Normas Institucionales Elija una opci\u00f3n para descargar Autonom\u00eda financiera Carta org\u00e1nica municipal Constituci\u00f3n de la provincia &#8211; R\u00e9gimen municipal Constituci\u00f3n [&hellip;]","_links":{"self":[{"href":"https:\/\/cdsalta.gob.ar\/index.php\/wp-json\/wp\/v2\/pages\/388","targetHints":{"allow":["GET"]}}],"collection":[{"href":"https:\/\/cdsalta.gob.ar\/index.php\/wp-json\/wp\/v2\/pages"}],"about":[{"href":"https:\/\/cdsalta.gob.ar\/index.php\/wp-json\/wp\/v2\/types\/page"}],"author":[{"embeddable":true,"href":"https:\/\/cdsalta.gob.ar\/index.php\/wp-json\/wp\/v2\/users\/1"}],"replies":[{"embeddable":true,"href":"https:\/\/cdsalta.gob.ar\/index.php\/wp-json\/wp\/v2\/comments?post=388"}],"version-history":[{"count":21,"href":"https:\/\/cdsalta.gob.ar\/index.php\/wp-json\/wp\/v2\/pages\/388\/revisions"}],"predecessor-version":[{"id":3569,"href":"https:\/\/cdsalta.gob.ar\/index.php\/wp-json\/wp\/v2\/pages\/388\/revisions\/3569"}],"wp:attachment":[{"href":"https:\/\/cdsalta.gob.ar\/index.php\/wp-json\/wp\/v2\/media?parent=388"}],"curies":[{"name":"wp","href":"https:\/\/api.w.org\/{rel}","templated":true}]}}