{"id":407,"date":"2025-06-10T09:37:02","date_gmt":"2025-06-10T12:37:02","guid":{"rendered":"http:\/\/concejo.rdb-ti.com\/?page_id=407"},"modified":"2026-03-31T10:10:29","modified_gmt":"2026-03-31T13:10:29","slug":"comisiones-permanentes","status":"publish","type":"page","link":"https:\/\/cdsalta.gob.ar\/index.php\/comisiones-permanentes\/","title":{"rendered":"Comisiones Permanentes"},"content":{"rendered":"\n<div class=\"wp-block-uagb-container uagb-block-7812c6a3 alignfull uagb-is-root-container\"><div class=\"uagb-container-inner-blocks-wrap\">\n<h2 class=\"wp-block-heading has-text-align-center\">Comisiones Permanentes<\/h2>\n<\/div><\/div>\n\n\n\n<div class=\"wp-block-uagb-container uagb-block-52036894 alignfull uagb-is-root-container\"><div class=\"uagb-container-inner-blocks-wrap\">\n<h4 class=\"wp-block-heading has-text-align-center\">Comisi\u00f3n de Disciplina, Juicio Pol\u00edtico y Responsabilidad Patrimonial<\/h4>\n\n\n\n<figure class=\"wp-block-table is-style-stripes\"><table class=\"has-fixed-layout\"><tbody><tr><td>Presidente:<\/td><td>Dar\u00edo Madile<\/td><\/tr><tr><td>Miembros:<\/td><td>Malvina Gareca (Pulso Colectivo)<\/td><\/tr><tr><td><\/td><td>Gonzalo Nieva (Juntos)<\/td><\/tr><tr><td><\/td><td>Jos\u00e9 Garc\u00eda (Yo Participo)<\/td><\/tr><tr><td><\/td><td>In\u00e9s Bennassar (Gustavo S\u00e1enz Conducci\u00f3n)<\/td><\/tr><tr><td><\/td><td>Eliana Chuchuy (Por Salta)<\/td><\/tr><tr><td><\/td><td>\u00c1ngel Ortiz  (Uni\u00f3n C\u00edvica Radical)<\/td><\/tr><tr><td><\/td><td>Laura Garc\u00eda (Vamos Salta)<\/td><\/tr><tr><td><\/td><td>Saravia Jorge Laura (La libertad Avanza)<\/td><\/tr><tr><td><\/td><td>David Leiva (Memoria y Movilizaci\u00f3n)<\/td><\/tr><tr><td><\/td><td>Pablo L\u00f3pez (Libertad y Progreso)<\/td><\/tr><\/tbody><\/table><\/figure>\n<\/div><\/div>\n\n\n\n<div class=\"wp-block-uagb-container uagb-block-9599de7d alignfull uagb-is-root-container\"><div class=\"uagb-container-inner-blocks-wrap\">\n<h4 class=\"wp-block-heading has-text-align-center\">Comisi\u00f3n de Labor Parlamentaria<\/h4>\n\n\n\n<figure class=\"wp-block-table is-style-stripes\"><table class=\"has-fixed-layout\"><tbody><tr><td>Presidente:<\/td><td>Dar\u00edo Madile<\/td><\/tr><tr><td>Miembros:<\/td><td>Malvina Gareca (Pulso Colectivo)<\/td><\/tr><tr><td><\/td><td>Gonzalo Nieva (Juntos)<\/td><\/tr><tr><td><\/td><td>Jos\u00e9 Garc\u00eda (Yo Participo)<\/td><\/tr><tr><td><\/td><td>In\u00e9s Bennassar (Gustavo S\u00e1enz Conducci\u00f3n)<\/td><\/tr><tr><td><\/td><td>Eliana Chuchuy (Por Salta)<\/td><\/tr><tr><td><\/td><td>Laura Garc\u00eda (Vamos Salta)<\/td><\/tr><tr><td><\/td><td>Laura Jorge Saravia (La Libertad Avanza)<\/td><\/tr><tr><td><\/td><td>David Leiva (Memoria y Movilizaci\u00f3n)<\/td><\/tr><tr><td><\/td><td>Pablo L\u00f3pez (Libertad y Progreso)<\/td><\/tr><tr><td><\/td><td>\u00c1ngel Ort\u00edz (Uni\u00f3n C\u00edvica Radical)<\/td><\/tr><\/tbody><\/table><\/figure>\n<\/div><\/div>\n\n\n\n<div class=\"wp-block-uagb-container uagb-block-feaad018 alignfull uagb-is-root-container\"><div class=\"uagb-container-inner-blocks-wrap\">\n<h4 class=\"wp-block-heading has-text-align-center\">Comisi\u00f3n de Legislaci\u00f3n General<\/h4>\n\n\n\n<figure class=\"wp-block-table is-style-stripes\"><table class=\"has-fixed-layout\"><tbody><tr><td>Presidente:<\/td><td>Gonzalo, Nieva<\/td><\/tr><tr><td>Vicepresidente:<\/td><td>Eliana Chuchuy<\/td><\/tr><tr><td>Miembros:<\/td><td>Malvina Gareca<\/td><\/tr><tr><td><\/td><td>Camila Lobo<\/td><\/tr><tr><td><\/td><td>Laura Garc\u00eda<\/td><\/tr><tr><td><\/td><td>In\u00e9s Bennassar<\/td><\/tr><tr><td><\/td><td>Jos\u00e9 Garc\u00eda<\/td><\/tr><tr><td><\/td><td>Agustina \u00c1lvarez Eichele<\/td><\/tr><tr><td><\/td><td>\u00c9rica Castro<\/td><\/tr><tr><td><\/td><td>Laura Jorge Saravia<\/td><\/tr><tr><td><\/td><td>Pablo L\u00f3pez<\/td><\/tr><tr><td><\/td><td>Florencia Le\u00f3n<\/td><\/tr><tr><td><\/td><td>Gustavo Farquharson<\/td><\/tr><\/tbody><\/table><\/figure>\n<\/div><\/div>\n\n\n\n<div class=\"wp-block-uagb-container uagb-block-a88067fc alignfull uagb-is-root-container\"><div class=\"uagb-container-inner-blocks-wrap\">\n<h4 class=\"wp-block-heading has-text-align-center\">Comisi\u00f3n de Hacienda, Presupuesto y Cuentas<\/h4>\n\n\n\n<figure class=\"wp-block-table is-style-stripes\"><table class=\"has-fixed-layout\"><tbody><tr><td>Presidente:<\/td><td>Camila Lobo<\/td><\/tr><tr><td>Vicepresidente:<\/td><td>Alicia Vargas<\/td><\/tr><tr><td>Miembros:<\/td><td>Eliana Chuchuy<\/td><\/tr><tr><td><\/td><td>Gustavo Farquharson<\/td><\/tr><tr><td><\/td><td>Agustina \u00c1lvarez Eichele<\/td><\/tr><tr><td><\/td><td>Rodrigo Quinteros<\/td><\/tr><tr><td><\/td><td>Florencia Le\u00f3n<\/td><\/tr><tr><td><\/td><td>Laura Jorge Saravia<\/td><\/tr><tr><td><\/td><td>Carlos Casasola<\/td><\/tr><\/tbody><\/table><\/figure>\n<\/div><\/div>\n\n\n\n<div class=\"wp-block-uagb-container uagb-block-344f0191 alignfull uagb-is-root-container\"><div class=\"uagb-container-inner-blocks-wrap\">\n<h4 class=\"wp-block-heading has-text-align-center\">Comisi\u00f3n de Obras P\u00fablicas y Urbanismo<\/h4>\n\n\n\n<figure class=\"wp-block-table is-style-stripes\"><table class=\"has-fixed-layout\"><tbody><tr><td>Presidente:<\/td><td>Alicia Vargas<\/td><\/tr><tr><td>Vicepresidente:<\/td><td>V\u00edctor Lamberto<\/td><\/tr><tr><td>Miembros:<\/td><td>Malvina Gareca<\/td><\/tr><tr><td><\/td><td>Jos\u00e9 Luis Arias<\/td><\/tr><tr><td><\/td><td>Agustina \u00c1lvarez Eichele<\/td><\/tr><tr><td><\/td><td>Gonzalo Nieva<\/td><\/tr><tr><td><\/td><td>Rodrigo Quinteros<\/td><\/tr><tr><td><\/td><td>\u00c9rica Castro<\/td><\/tr><tr><td><\/td><td>Camila Lobo<\/td><\/tr><\/tbody><\/table><\/figure>\n<\/div><\/div>\n\n\n\n<div class=\"wp-block-uagb-container uagb-block-8c4efb7b alignfull uagb-is-root-container\"><div class=\"uagb-container-inner-blocks-wrap\">\n<h4 class=\"wp-block-heading has-text-align-center\">Comisi\u00f3n de Servicios P\u00fablicos, Actividades Comerciales y Privatizaciones<\/h4>\n\n\n\n<figure class=\"wp-block-table is-style-stripes\"><table class=\"has-fixed-layout\"><tbody><tr><td>Presidente:<\/td><td>\u00c1ngel Ortiz<\/td><\/tr><tr><td>Vicepresidente:<\/td><td>\u00c9rica Castro<\/td><\/tr><tr><td>Miembros:<\/td><td>Jos\u00e9 Luis Arias<\/td><\/tr><tr><td><\/td><td>Laura Garc\u00eda<\/td><\/tr><tr><td><\/td><td>Eliana Chuchuy<\/td><\/tr><tr><td><\/td><td>Agustina \u00c1lvarez Eichele<\/td><\/tr><tr><td><\/td><td>Camila Lobo<\/td><\/tr><tr><td><\/td><td>Gonzalo Nieva<\/td><\/tr><tr><td><\/td><td>Rodrigo Quinteros<\/td><\/tr><\/tbody><\/table><\/figure>\n<\/div><\/div>\n\n\n\n<div class=\"wp-block-uagb-container uagb-block-fbbfe266 alignfull uagb-is-root-container\"><div class=\"uagb-container-inner-blocks-wrap\">\n<h4 class=\"wp-block-heading has-text-align-center\">Comisi\u00f3n de Tr\u00e1nsito, Transporte y Seguridad Vial<\/h4>\n\n\n\n<figure class=\"wp-block-table is-style-stripes\"><table class=\"has-fixed-layout\"><tbody><tr><td>Presidente:<\/td><td>Agustina \u00c1lvarez<\/td><\/tr><tr><td>Vicepresidente:<\/td><td>Gustavo Farquharson<\/td><\/tr><tr><td>Miembros:<\/td><td>Gonzalo Nieva<\/td><\/tr><tr><td><\/td><td>Eliana Chuchuy<\/td><\/tr><tr><td><\/td><td>Laura Jorge Saravia<\/td><\/tr><\/tbody><\/table><\/figure>\n<\/div><\/div>\n\n\n\n<div class=\"wp-block-uagb-container uagb-block-9a92ef65 alignfull uagb-is-root-container\"><div class=\"uagb-container-inner-blocks-wrap\">\n<h4 class=\"wp-block-heading has-text-align-center\">Comisi\u00f3n de Acci\u00f3n Social, Becas, Asuntos Vecinales, Participaci\u00f3n Ciudadana y Defensa del Consumidor<\/h4>\n\n\n\n<figure class=\"wp-block-table is-style-stripes\"><table class=\"has-fixed-layout\"><tbody><tr><td>Presidente:<\/td><td>Laura Garc\u00eda<\/td><\/tr><tr><td>Vicepresidente:<\/td><td>David Leiva<\/td><\/tr><tr><td>Miembros:<\/td><td>\u00c1ngel Ortiz<\/td><\/tr><tr><td><\/td><td>Eliana Chuchuy<\/td><\/tr><tr><td><\/td><td>Laura Jorge Saravia<\/td><\/tr><tr><td><\/td><td>Rodrigo Quinteros<\/td><\/tr><tr><td><\/td><td>Carlos Casasola<\/td><\/tr><\/tbody><\/table><\/figure>\n<\/div><\/div>\n\n\n\n<div class=\"wp-block-uagb-container uagb-block-d2e0d010 alignfull uagb-is-root-container\"><div class=\"uagb-container-inner-blocks-wrap\">\n<h4 class=\"wp-block-heading has-text-align-center\">Comisi\u00f3n de Cultura, Turismo, Recreaci\u00f3n, Educaci\u00f3n, Prensa y Relaciones Interjurisdiccionales<\/h4>\n\n\n\n<figure class=\"wp-block-table is-style-stripes\"><table class=\"has-fixed-layout\"><tbody><tr><td>Presidente:<\/td><td>David Leiva<\/td><\/tr><tr><td>Vicepresidente:<\/td><td>Jos\u00e9 Garc\u00eda<\/td><\/tr><tr><td>Miembros:<\/td><td>Malvina Gareca<\/td><\/tr><tr><td><\/td><td>Pablo L\u00f3pez<\/td><\/tr><tr><td><\/td><td>Florencia Le\u00f3n<\/td><\/tr><tr><td><\/td><td>Carlos Casasola<\/td><\/tr><tr><td><\/td><td>\u00c9rica Castro<\/td><\/tr><\/tbody><\/table><\/figure>\n<\/div><\/div>\n\n\n\n<div class=\"wp-block-uagb-container uagb-block-fecc209d alignfull uagb-is-root-container\"><div class=\"uagb-container-inner-blocks-wrap\">\n<h4 class=\"wp-block-heading has-text-align-center\">Comisi\u00f3n de Medio Ambiente, Higiene y Seguridad<\/h4>\n\n\n\n<figure class=\"wp-block-table is-style-stripes\"><table class=\"has-fixed-layout\"><tbody><tr><td>Presidente:<\/td><td>Gustavo Farquharson<\/td><\/tr><tr><td>Vicepresidente:<\/td><td>Gonzalo Nieva<\/td><\/tr><tr><td>Miembros:<\/td><td>Malvina Gareca<\/td><\/tr><tr><td><\/td><td>Rodrigo Quinteros<\/td><\/tr><tr><td><\/td><td>Camila Lobo<\/td><\/tr><\/tbody><\/table><\/figure>\n<\/div><\/div>\n\n\n\n<div class=\"wp-block-uagb-container uagb-block-f43b7c88 alignfull uagb-is-root-container\"><div class=\"uagb-container-inner-blocks-wrap\">\n<h4 class=\"wp-block-heading has-text-align-center\">Comisi\u00f3n de Salud, Deportes, Infancia, Juventud y Tercera Edad<\/h4>\n\n\n\n<figure class=\"wp-block-table is-style-stripes\"><table class=\"has-fixed-layout\"><tbody><tr><td>Presidente:<\/td><td>In\u00e9s Bennassar<\/td><\/tr><tr><td>Vicepresidente:<\/td><td>Florencia Le\u00f3n<\/td><\/tr><tr><td>Miembros:<\/td><td>Jos\u00e9 Luis Arias<\/td><\/tr><tr><td><\/td><td>Pablo L\u00f3pez<\/td><\/tr><tr><td><\/td><td>Carlos Casasola<\/td><\/tr><\/tbody><\/table><\/figure>\n<\/div><\/div>\n\n\n\n<div class=\"wp-block-uagb-container uagb-block-b4b6658d alignfull uagb-is-root-container\"><div class=\"uagb-container-inner-blocks-wrap\">\n<h4 class=\"wp-block-heading has-text-align-center\">Comisi\u00f3n de Discapacidad<\/h4>\n\n\n\n<figure class=\"wp-block-table is-style-stripes\"><table class=\"has-fixed-layout\"><tbody><tr><td>Presidente:<\/td><td>Malvina Gareca<\/td><\/tr><tr><td>Vicepresidente:<\/td><td>Jos\u00e9 Garc\u00eda<\/td><\/tr><tr><td>Miembros:<\/td><td>Jos\u00e9 Luis Arias<\/td><\/tr><tr><td><\/td><td>Gustavo Farquharson<\/td><\/tr><tr><td><\/td><td>David Leiva<\/td><\/tr><\/tbody><\/table><\/figure>\n<\/div><\/div>\n\n\n\n<div class=\"wp-block-uagb-container uagb-block-46353c63 alignfull uagb-is-root-container\"><div class=\"uagb-container-inner-blocks-wrap\">\n<h4 class=\"wp-block-heading has-text-align-center\">Comisi\u00f3n de Derechos Humanos, Mujeres, G\u00e9neros y Diversidad<\/h4>\n\n\n\n<figure class=\"wp-block-table is-style-stripes\"><table class=\"has-fixed-layout\"><tbody><tr><td>Presidente:<\/td><td>Malvina Gareca<\/td><\/tr><tr><td>Vicepresidente:<\/td><td>Gustavo Farquharson<\/td><\/tr><tr><td>Miembros:<\/td><td>Florencia Le\u00f3n<\/td><\/tr><tr><td><\/td><td>\u00c1ngel Ortiz<\/td><\/tr><tr><td><\/td><td>\u00c9rica Castro<\/td><\/tr><\/tbody><\/table><\/figure>\n<\/div><\/div>\n","protected":false},"excerpt":{"rendered":"<p>Comisiones Permanentes Comisi\u00f3n de Disciplina, Juicio Pol\u00edtico y Responsabilidad Patrimonial Presidente: Dar\u00edo Madile Miembros: Malvina Gareca (Pulso Colectivo) Gonzalo Nieva [&hellip;]<\/p>\n","protected":false},"author":1,"featured_media":0,"parent":0,"menu_order":0,"comment_status":"closed","ping_status":"closed","template":"","meta":{"_uag_custom_page_level_css":"","site-sidebar-layout":"default","site-content-layout":"","ast-site-content-layout":"","site-content-style":"default","site-sidebar-style":"default","ast-global-header-display":"","ast-banner-title-visibility":"","ast-main-header-display":"","ast-hfb-above-header-display":"","ast-hfb-below-header-display":"","ast-hfb-mobile-header-display":"","site-post-title":"disabled","ast-breadcrumbs-content":"","ast-featured-img":"","footer-sml-layout":"","ast-disable-related-posts":"","theme-transparent-header-meta":"","adv-header-id-meta":"","stick-header-meta":"","header-above-stick-meta":"","header-main-stick-meta":"","header-below-stick-meta":"","astra-migrate-meta-layouts":"default","ast-page-background-enabled":"default","ast-page-background-meta":{"desktop":{"background-color":"var(--ast-global-color-5)","background-image":"","background-repeat":"repeat","background-position":"center center","background-size":"auto","background-attachment":"scroll","background-type":"","background-media":"","overlay-type":"","overlay-color":"","overlay-opacity":"","overlay-gradient":""},"tablet":{"background-color":"","background-image":"","background-repeat":"repeat","background-position":"center center","background-size":"auto","background-attachment":"scroll","background-type":"","background-media":"","overlay-type":"","overlay-color":"","overlay-opacity":"","overlay-gradient":""},"mobile":{"background-color":"","background-image":"","background-repeat":"repeat","background-position":"center center","background-size":"auto","background-attachment":"scroll","background-type":"","background-media":"","overlay-type":"","overlay-color":"","overlay-opacity":"","overlay-gradient":""}},"ast-content-background-meta":{"desktop":{"background-color":"var(--ast-global-color-4)","background-image":"","background-repeat":"repeat","background-position":"center center","background-size":"auto","background-attachment":"scroll","background-type":"","background-media":"","overlay-type":"","overlay-color":"","overlay-opacity":"","overlay-gradient":""},"tablet":{"background-color":"var(--ast-global-color-4)","background-image":"","background-repeat":"repeat","background-position":"center center","background-size":"auto","background-attachment":"scroll","background-type":"","background-media":"","overlay-type":"","overlay-color":"","overlay-opacity":"","overlay-gradient":""},"mobile":{"background-color":"var(--ast-global-color-4)","background-image":"","background-repeat":"repeat","background-position":"center center","background-size":"auto","background-attachment":"scroll","background-type":"","background-media":"","overlay-type":"","overlay-color":"","overlay-opacity":"","overlay-gradient":""}},"footnotes":""},"class_list":["post-407","page","type-page","status-publish","hentry"],"uagb_featured_image_src":{"full":false,"thumbnail":false,"medium":false,"medium_large":false,"large":false,"1536x1536":false,"2048x2048":false,"mailpoet_newsletter_max":false},"uagb_author_info":{"display_name":"cdsistema","author_link":"https:\/\/cdsalta.gob.ar\/index.php\/author\/cdsistema\/"},"uagb_comment_info":0,"uagb_excerpt":"Comisiones Permanentes Comisi\u00f3n de Disciplina, Juicio Pol\u00edtico y Responsabilidad Patrimonial Presidente: Dar\u00edo Madile Miembros: Malvina Gareca (Pulso Colectivo) Gonzalo Nieva [&hellip;]","_links":{"self":[{"href":"https:\/\/cdsalta.gob.ar\/index.php\/wp-json\/wp\/v2\/pages\/407","targetHints":{"allow":["GET"]}}],"collection":[{"href":"https:\/\/cdsalta.gob.ar\/index.php\/wp-json\/wp\/v2\/pages"}],"about":[{"href":"https:\/\/cdsalta.gob.ar\/index.php\/wp-json\/wp\/v2\/types\/page"}],"author":[{"embeddable":true,"href":"https:\/\/cdsalta.gob.ar\/index.php\/wp-json\/wp\/v2\/users\/1"}],"replies":[{"embeddable":true,"href":"https:\/\/cdsalta.gob.ar\/index.php\/wp-json\/wp\/v2\/comments?post=407"}],"version-history":[{"count":34,"href":"https:\/\/cdsalta.gob.ar\/index.php\/wp-json\/wp\/v2\/pages\/407\/revisions"}],"predecessor-version":[{"id":5643,"href":"https:\/\/cdsalta.gob.ar\/index.php\/wp-json\/wp\/v2\/pages\/407\/revisions\/5643"}],"wp:attachment":[{"href":"https:\/\/cdsalta.gob.ar\/index.php\/wp-json\/wp\/v2\/media?parent=407"}],"curies":[{"name":"wp","href":"https:\/\/api.w.org\/{rel}","templated":true}]}}