{"id":988,"date":"2025-07-04T10:09:37","date_gmt":"2025-07-04T13:09:37","guid":{"rendered":"http:\/\/concejo.rdb-ti.com\/?page_id=988"},"modified":"2025-07-17T08:49:09","modified_gmt":"2025-07-17T11:49:09","slug":"centro-de-mediacion","status":"publish","type":"page","link":"https:\/\/cdsalta.gob.ar\/index.php\/centro-de-mediacion\/","title":{"rendered":"Centro de Mediacion"},"content":{"rendered":"\n<div class=\"wp-block-uagb-container uagb-block-fbc145c6 alignfull uagb-is-root-container\"><div class=\"uagb-container-inner-blocks-wrap\">\n<div class=\"wp-block-uagb-advanced-heading uagb-block-f0d1566d\"><h2 class=\"uagb-heading-text\">Centro Comunitario de Mediaci\u00f3n<\/h2><\/div>\n<\/div><\/div>\n\n\n\n<div class=\"wp-block-uagb-container uagb-block-1fbedc3f alignfull uagb-is-root-container\"><div class=\"uagb-container-inner-blocks-wrap\">\n<p style=\"text-align: justify; font-size: 20px;\">En avenida Rep\u00fablica del L\u00edbano N\u00b0 990 funciona el Centro Comunitario de Mediaci\u00f3n del Concejo Deliberante de Salta, espacio mediante el cual se brinda a los vecinos de la ciudad un servicio gratuito dirigido a facilitar la resoluci\u00f3n de conflictos de manera pac\u00edfica en tem\u00e1ticas vinculadas a: problemas familiares (alimentos, cuidado personal, derecho de comunicaci\u00f3n), asuntos patrimoniales o disputas vecinales.<\/p>\n<p style=\"text-align: justify; margin-top: -30px; font-size: 20px;\">Si quer\u00e9s conocer m\u00e1s sobre el servicio que brinda el Centro Comunitario de Mediaci\u00f3n ac\u00e9rcate a la oficina, sin turno previo, de lunes a viernes en el horario de 8.00 a 13.00. Tambi\u00e9n podes realizar consultas a trav\u00e9s del siguiente correo electr\u00f3nico:\u00a0<a href=\"mailto:centrodemediacion.saltacd@gmail.com\" target=\"_blank\" rel=\"noopener noreferrer\">centrodemediacion<wbr \/>.saltacd@gmail.com<\/a>\u00a0y de la l\u00ednea de tel\u00e9fono 4232929 \u00a0(interno 106).<\/p>\n<\/div><\/div>\n\n\n\n<div class=\"wp-block-uagb-container uagb-block-64e19e22 alignfull uagb-is-root-container\"><div class=\"uagb-container-inner-blocks-wrap\">\n<div class=\"wp-block-uagb-image uagb-block-a63ce521 wp-block-uagb-image--layout-default wp-block-uagb-image--effect-static wp-block-uagb-image--align-none\"><figure class=\"wp-block-uagb-image__figure\"><img decoding=\"async\" srcset=\"https:\/\/cdsalta.gob.ar\/wp-content\/uploads\/2025\/07\/Centro-comunitario-de-mediacion-2025-1024x683.png ,https:\/\/cdsalta.gob.ar\/wp-content\/uploads\/2025\/07\/Centro-comunitario-de-mediacion-2025.png 780w, https:\/\/cdsalta.gob.ar\/wp-content\/uploads\/2025\/07\/Centro-comunitario-de-mediacion-2025.png 360w\" sizes=\"auto, (max-width: 480px) 150px\" src=\"https:\/\/cdsalta.gob.ar\/wp-content\/uploads\/2025\/07\/Centro-comunitario-de-mediacion-2025-1024x683.png\" alt=\"\" class=\"uag-image-999\" width=\"1024\" height=\"683\" title=\"Centro comunitario de mediaci\u00f3n 2025\" loading=\"lazy\" role=\"img\"\/><\/figure><\/div>\n<\/div><\/div>\n","protected":false},"excerpt":{"rendered":"<p>Centro Comunitario de Mediaci\u00f3n En avenida Rep\u00fablica del L\u00edbano N\u00b0 990 funciona el Centro Comunitario de Mediaci\u00f3n del Concejo Deliberante [&hellip;]<\/p>\n","protected":false},"author":1,"featured_media":0,"parent":0,"menu_order":0,"comment_status":"closed","ping_status":"closed","template":"","meta":{"_uag_custom_page_level_css":"","site-sidebar-layout":"default","site-content-layout":"","ast-site-content-layout":"default","site-content-style":"default","site-sidebar-style":"default","ast-global-header-display":"","ast-banner-title-visibility":"","ast-main-header-display":"","ast-hfb-above-header-display":"","ast-hfb-below-header-display":"","ast-hfb-mobile-header-display":"","site-post-title":"disabled","ast-breadcrumbs-content":"","ast-featured-img":"","footer-sml-layout":"","ast-disable-related-posts":"","theme-transparent-header-meta":"","adv-header-id-meta":"","stick-header-meta":"","header-above-stick-meta":"","header-main-stick-meta":"","header-below-stick-meta":"","astra-migrate-meta-layouts":"default","ast-page-background-enabled":"default","ast-page-background-meta":{"desktop":{"background-color":"var(--ast-global-color-5)","background-image":"","background-repeat":"repeat","background-position":"center center","background-size":"auto","background-attachment":"scroll","background-type":"","background-media":"","overlay-type":"","overlay-color":"","overlay-opacity":"","overlay-gradient":""},"tablet":{"background-color":"","background-image":"","background-repeat":"repeat","background-position":"center center","background-size":"auto","background-attachment":"scroll","background-type":"","background-media":"","overlay-type":"","overlay-color":"","overlay-opacity":"","overlay-gradient":""},"mobile":{"background-color":"","background-image":"","background-repeat":"repeat","background-position":"center center","background-size":"auto","background-attachment":"scroll","background-type":"","background-media":"","overlay-type":"","overlay-color":"","overlay-opacity":"","overlay-gradient":""}},"ast-content-background-meta":{"desktop":{"background-color":"var(--ast-global-color-4)","background-image":"","background-repeat":"repeat","background-position":"center center","background-size":"auto","background-attachment":"scroll","background-type":"","background-media":"","overlay-type":"","overlay-color":"","overlay-opacity":"","overlay-gradient":""},"tablet":{"background-color":"var(--ast-global-color-4)","background-image":"","background-repeat":"repeat","background-position":"center center","background-size":"auto","background-attachment":"scroll","background-type":"","background-media":"","overlay-type":"","overlay-color":"","overlay-opacity":"","overlay-gradient":""},"mobile":{"background-color":"var(--ast-global-color-4)","background-image":"","background-repeat":"repeat","background-position":"center center","background-size":"auto","background-attachment":"scroll","background-type":"","background-media":"","overlay-type":"","overlay-color":"","overlay-opacity":"","overlay-gradient":""}},"footnotes":""},"class_list":["post-988","page","type-page","status-publish","hentry"],"uagb_featured_image_src":{"full":false,"thumbnail":false,"medium":false,"medium_large":false,"large":false,"1536x1536":false,"2048x2048":false,"mailpoet_newsletter_max":false},"uagb_author_info":{"display_name":"cdsistema","author_link":"https:\/\/cdsalta.gob.ar\/index.php\/author\/cdsistema\/"},"uagb_comment_info":0,"uagb_excerpt":"Centro Comunitario de Mediaci\u00f3n En avenida Rep\u00fablica del L\u00edbano N\u00b0 990 funciona el Centro Comunitario de Mediaci\u00f3n del Concejo Deliberante [&hellip;]","_links":{"self":[{"href":"https:\/\/cdsalta.gob.ar\/index.php\/wp-json\/wp\/v2\/pages\/988","targetHints":{"allow":["GET"]}}],"collection":[{"href":"https:\/\/cdsalta.gob.ar\/index.php\/wp-json\/wp\/v2\/pages"}],"about":[{"href":"https:\/\/cdsalta.gob.ar\/index.php\/wp-json\/wp\/v2\/types\/page"}],"author":[{"embeddable":true,"href":"https:\/\/cdsalta.gob.ar\/index.php\/wp-json\/wp\/v2\/users\/1"}],"replies":[{"embeddable":true,"href":"https:\/\/cdsalta.gob.ar\/index.php\/wp-json\/wp\/v2\/comments?post=988"}],"version-history":[{"count":18,"href":"https:\/\/cdsalta.gob.ar\/index.php\/wp-json\/wp\/v2\/pages\/988\/revisions"}],"predecessor-version":[{"id":4162,"href":"https:\/\/cdsalta.gob.ar\/index.php\/wp-json\/wp\/v2\/pages\/988\/revisions\/4162"}],"wp:attachment":[{"href":"https:\/\/cdsalta.gob.ar\/index.php\/wp-json\/wp\/v2\/media?parent=988"}],"curies":[{"name":"wp","href":"https:\/\/api.w.org\/{rel}","templated":true}]}}