{"id":991,"date":"2025-07-04T10:12:12","date_gmt":"2025-07-04T13:12:12","guid":{"rendered":"http:\/\/concejo.rdb-ti.com\/?page_id=991"},"modified":"2025-10-29T11:16:46","modified_gmt":"2025-10-29T14:16:46","slug":"casos-de-violencia","status":"publish","type":"page","link":"https:\/\/cdsalta.gob.ar\/index.php\/casos-de-violencia\/","title":{"rendered":"Casos de violencia"},"content":{"rendered":"\r\n<div class=\"wp-block-uagb-container uagb-block-b48e6833 alignfull uagb-is-root-container\">\r\n<div class=\"uagb-container-inner-blocks-wrap\">\r\n<div class=\"wp-block-uagb-advanced-heading uagb-block-d827c63a\">\r\n<h2 class=\"uagb-heading-text\">Asesoramiento y Contenci\u00f3n ante Casos de Violencia por Razones de G\u00e9nero y\/o Discriminaci\u00f3n<\/h2>\r\n<\/div>\r\n<\/div>\r\n<\/div>\r\n\r\n\r\n\r\n<div class=\"wp-block-uagb-container uagb-block-e7508484 alignfull uagb-is-root-container\">\r\n<div class=\"uagb-container-inner-blocks-wrap\">\r\n<p style=\"text-align: justify; font-size: 20px;\">El Concejo Deliberante de Salta cuenta con una Oficina de Asesoramiento y Contenci\u00f3n ante Casos de Violencia por Razones de G\u00e9nero y\/o Discriminaci\u00f3n. Este espacio est\u00e1 conformado por un equipo interdisciplinario de profesionales que brindan atenci\u00f3n y acompa\u00f1amiento integral.<\/p>\r\n<p style=\"text-align: justify; margin-top: -30px; font-size: 20px;\">La atenci\u00f3n se realiza de manera presencial y sin turno previo, tanto a las v\u00edctimas como a familiares, de lunes a viernes, en el horario de 8:00 a 12:30. Tambi\u00e9n ofrece asesoramiento a trav\u00e9s de la l\u00ednea de tel\u00e9fono celular: 387-5644083, y mediante la siguiente direcci\u00f3n de correo electr\u00f3nico:\u00a0of.<wbr \/>violenciadegenero@gmail.com.<\/p>\r\n<\/div>\r\n<\/div>\r\n\r\n\r\n\r\n<div class=\"wp-block-uagb-container uagb-block-00324359 alignfull uagb-is-root-container\">\r\n<div class=\"uagb-container-inner-blocks-wrap\">\r\n<div class=\"wp-block-uagb-image uagb-block-57b69ceb wp-block-uagb-image--layout-default wp-block-uagb-image--effect-static wp-block-uagb-image--align-none\">\r\n<figure class=\"wp-block-uagb-image__figure\"><img loading=\"lazy\" decoding=\"async\" class=\"uag-image-997\" title=\"Oficina de asesoramiento y contenci\u00f3n 2025\" role=\"img\" src=\"https:\/\/cdsalta.gob.ar\/wp-content\/uploads\/2025\/07\/Oficina-de-asesoramiento-y-contencion-2025-1024x683.png\" sizes=\"auto, (max-width: 480px) 150px\" srcset=\"https:\/\/cdsalta.gob.ar\/wp-content\/uploads\/2025\/07\/Oficina-de-asesoramiento-y-contencion-2025-1024x683.png ,https:\/\/cdsalta.gob.ar\/wp-content\/uploads\/2025\/07\/Oficina-de-asesoramiento-y-contencion-2025.png 780w, https:\/\/cdsalta.gob.ar\/wp-content\/uploads\/2025\/07\/Oficina-de-asesoramiento-y-contencion-2025.png 360w\" alt=\"\" width=\"1024\" height=\"683\" \/><\/figure>\r\n<\/div>\r\n<\/div>\r\n<\/div>\r\n","protected":false},"excerpt":{"rendered":"<p>Asesoramiento y Contenci\u00f3n ante Casos de Violencia por Razones de G\u00e9nero y\/o Discriminaci\u00f3n El Concejo Deliberante de Salta cuenta con [&hellip;]<\/p>\n","protected":false},"author":1,"featured_media":0,"parent":0,"menu_order":0,"comment_status":"closed","ping_status":"closed","template":"","meta":{"_uag_custom_page_level_css":"","site-sidebar-layout":"default","site-content-layout":"","ast-site-content-layout":"default","site-content-style":"default","site-sidebar-style":"default","ast-global-header-display":"","ast-banner-title-visibility":"","ast-main-header-display":"","ast-hfb-above-header-display":"","ast-hfb-below-header-display":"","ast-hfb-mobile-header-display":"","site-post-title":"disabled","ast-breadcrumbs-content":"","ast-featured-img":"","footer-sml-layout":"","ast-disable-related-posts":"","theme-transparent-header-meta":"default","adv-header-id-meta":"","stick-header-meta":"","header-above-stick-meta":"","header-main-stick-meta":"","header-below-stick-meta":"","astra-migrate-meta-layouts":"set","ast-page-background-enabled":"default","ast-page-background-meta":{"desktop":{"background-color":"var(--ast-global-color-5)","background-image":"","background-repeat":"repeat","background-position":"center center","background-size":"auto","background-attachment":"scroll","background-type":"","background-media":"","overlay-type":"","overlay-color":"","overlay-opacity":"","overlay-gradient":""},"tablet":{"background-color":"","background-image":"","background-repeat":"repeat","background-position":"center center","background-size":"auto","background-attachment":"scroll","background-type":"","background-media":"","overlay-type":"","overlay-color":"","overlay-opacity":"","overlay-gradient":""},"mobile":{"background-color":"","background-image":"","background-repeat":"repeat","background-position":"center center","background-size":"auto","background-attachment":"scroll","background-type":"","background-media":"","overlay-type":"","overlay-color":"","overlay-opacity":"","overlay-gradient":""}},"ast-content-background-meta":{"desktop":{"background-color":"var(--ast-global-color-4)","background-image":"","background-repeat":"repeat","background-position":"center center","background-size":"auto","background-attachment":"scroll","background-type":"","background-media":"","overlay-type":"","overlay-color":"","overlay-opacity":"","overlay-gradient":""},"tablet":{"background-color":"var(--ast-global-color-4)","background-image":"","background-repeat":"repeat","background-position":"center center","background-size":"auto","background-attachment":"scroll","background-type":"","background-media":"","overlay-type":"","overlay-color":"","overlay-opacity":"","overlay-gradient":""},"mobile":{"background-color":"var(--ast-global-color-4)","background-image":"","background-repeat":"repeat","background-position":"center center","background-size":"auto","background-attachment":"scroll","background-type":"","background-media":"","overlay-type":"","overlay-color":"","overlay-opacity":"","overlay-gradient":""}},"footnotes":""},"class_list":["post-991","page","type-page","status-publish","hentry"],"uagb_featured_image_src":{"full":false,"thumbnail":false,"medium":false,"medium_large":false,"large":false,"1536x1536":false,"2048x2048":false,"mailpoet_newsletter_max":false},"uagb_author_info":{"display_name":"cdsistema","author_link":"https:\/\/cdsalta.gob.ar\/index.php\/author\/cdsistema\/"},"uagb_comment_info":0,"uagb_excerpt":"Asesoramiento y Contenci\u00f3n ante Casos de Violencia por Razones de G\u00e9nero y\/o Discriminaci\u00f3n El Concejo Deliberante de Salta cuenta con [&hellip;]","_links":{"self":[{"href":"https:\/\/cdsalta.gob.ar\/index.php\/wp-json\/wp\/v2\/pages\/991","targetHints":{"allow":["GET"]}}],"collection":[{"href":"https:\/\/cdsalta.gob.ar\/index.php\/wp-json\/wp\/v2\/pages"}],"about":[{"href":"https:\/\/cdsalta.gob.ar\/index.php\/wp-json\/wp\/v2\/types\/page"}],"author":[{"embeddable":true,"href":"https:\/\/cdsalta.gob.ar\/index.php\/wp-json\/wp\/v2\/users\/1"}],"replies":[{"embeddable":true,"href":"https:\/\/cdsalta.gob.ar\/index.php\/wp-json\/wp\/v2\/comments?post=991"}],"version-history":[{"count":13,"href":"https:\/\/cdsalta.gob.ar\/index.php\/wp-json\/wp\/v2\/pages\/991\/revisions"}],"predecessor-version":[{"id":4019,"href":"https:\/\/cdsalta.gob.ar\/index.php\/wp-json\/wp\/v2\/pages\/991\/revisions\/4019"}],"wp:attachment":[{"href":"https:\/\/cdsalta.gob.ar\/index.php\/wp-json\/wp\/v2\/media?parent=991"}],"curies":[{"name":"wp","href":"https:\/\/api.w.org\/{rel}","templated":true}]}}