{"id":994,"date":"2025-07-04T10:12:57","date_gmt":"2025-07-04T13:12:57","guid":{"rendered":"http:\/\/concejo.rdb-ti.com\/?page_id=994"},"modified":"2025-07-30T09:58:23","modified_gmt":"2025-07-30T12:58:23","slug":"siniestros-viales","status":"publish","type":"page","link":"https:\/\/cdsalta.gob.ar\/index.php\/siniestros-viales\/","title":{"rendered":"Siniestros Viales"},"content":{"rendered":"\n<div class=\"wp-block-uagb-container uagb-block-3edca64a alignfull uagb-is-root-container\"><div class=\"uagb-container-inner-blocks-wrap\">\n<div class=\"wp-block-uagb-advanced-heading uagb-block-71227286\"><h2 class=\"uagb-heading-text\">Asistencia a V\u00edctimas de Siniestros Viales<\/h2><\/div>\n<\/div><\/div>\n\n\n\n<div class=\"wp-block-uagb-container uagb-block-7e56a02b alignfull uagb-is-root-container\"><div class=\"uagb-container-inner-blocks-wrap\">\n<p style=\"text-align: justify; font-size: 20px;\">La Oficina de Asistencia y Asesoramiento a V\u00edctimas de Siniestros Viales del Concejo Deliberante brinda sus servicios de forma gratuita, tanto a damnificados como a sus familiares directos. El espacio tiene como objetivo promover, impulsar y coordinar la actuaci\u00f3n de los diferentes \u00f3rganos o entidades competentes en relaci\u00f3n con los procesos de ayuda o asistencia a los damnificados.<\/p>\n<p style=\"text-align: justify; margin-top: -30px; font-size: 20px;\">Las consultas se reciben de manera presencial en avenida Rep\u00fablica del L\u00edbano N\u00b0 990, de lunes a viernes en el horario de 9.00 a 12.30.<\/p>\n<\/div><\/div>\n\n\n\n<div class=\"wp-block-uagb-container uagb-block-63072923 alignfull uagb-is-root-container\"><div class=\"uagb-container-inner-blocks-wrap\">\n<div class=\"wp-block-uagb-image uagb-block-08443533 wp-block-uagb-image--layout-default wp-block-uagb-image--effect-static wp-block-uagb-image--align-none\"><figure class=\"wp-block-uagb-image__figure\"><img decoding=\"async\" srcset=\"https:\/\/cdsalta.gob.ar\/wp-content\/uploads\/2025\/07\/Victimas-de-siniestros-viales-2025-b-1024x683.png ,https:\/\/cdsalta.gob.ar\/wp-content\/uploads\/2025\/07\/Victimas-de-siniestros-viales-2025-b.png 780w, https:\/\/cdsalta.gob.ar\/wp-content\/uploads\/2025\/07\/Victimas-de-siniestros-viales-2025-b.png 360w\" sizes=\"auto, (max-width: 480px) 150px\" src=\"https:\/\/cdsalta.gob.ar\/wp-content\/uploads\/2025\/07\/Victimas-de-siniestros-viales-2025-b-1024x683.png\" alt=\"\" class=\"uag-image-998\" width=\"1024\" height=\"683\" title=\"V\u00edctimas de siniestros viales 2025 b\" loading=\"lazy\" role=\"img\"\/><\/figure><\/div>\n<\/div><\/div>\n","protected":false},"excerpt":{"rendered":"<p>Asistencia a V\u00edctimas de Siniestros Viales La Oficina de Asistencia y Asesoramiento a V\u00edctimas de Siniestros Viales del Concejo Deliberante [&hellip;]<\/p>\n","protected":false},"author":1,"featured_media":0,"parent":0,"menu_order":0,"comment_status":"closed","ping_status":"closed","template":"","meta":{"_uag_custom_page_level_css":"","site-sidebar-layout":"default","site-content-layout":"","ast-site-content-layout":"default","site-content-style":"default","site-sidebar-style":"default","ast-global-header-display":"","ast-banner-title-visibility":"","ast-main-header-display":"","ast-hfb-above-header-display":"","ast-hfb-below-header-display":"","ast-hfb-mobile-header-display":"","site-post-title":"disabled","ast-breadcrumbs-content":"","ast-featured-img":"","footer-sml-layout":"","ast-disable-related-posts":"","theme-transparent-header-meta":"","adv-header-id-meta":"","stick-header-meta":"","header-above-stick-meta":"","header-main-stick-meta":"","header-below-stick-meta":"","astra-migrate-meta-layouts":"default","ast-page-background-enabled":"default","ast-page-background-meta":{"desktop":{"background-color":"var(--ast-global-color-5)","background-image":"","background-repeat":"repeat","background-position":"center center","background-size":"auto","background-attachment":"scroll","background-type":"","background-media":"","overlay-type":"","overlay-color":"","overlay-opacity":"","overlay-gradient":""},"tablet":{"background-color":"","background-image":"","background-repeat":"repeat","background-position":"center center","background-size":"auto","background-attachment":"scroll","background-type":"","background-media":"","overlay-type":"","overlay-color":"","overlay-opacity":"","overlay-gradient":""},"mobile":{"background-color":"","background-image":"","background-repeat":"repeat","background-position":"center center","background-size":"auto","background-attachment":"scroll","background-type":"","background-media":"","overlay-type":"","overlay-color":"","overlay-opacity":"","overlay-gradient":""}},"ast-content-background-meta":{"desktop":{"background-color":"var(--ast-global-color-4)","background-image":"","background-repeat":"repeat","background-position":"center center","background-size":"auto","background-attachment":"scroll","background-type":"","background-media":"","overlay-type":"","overlay-color":"","overlay-opacity":"","overlay-gradient":""},"tablet":{"background-color":"var(--ast-global-color-4)","background-image":"","background-repeat":"repeat","background-position":"center center","background-size":"auto","background-attachment":"scroll","background-type":"","background-media":"","overlay-type":"","overlay-color":"","overlay-opacity":"","overlay-gradient":""},"mobile":{"background-color":"var(--ast-global-color-4)","background-image":"","background-repeat":"repeat","background-position":"center center","background-size":"auto","background-attachment":"scroll","background-type":"","background-media":"","overlay-type":"","overlay-color":"","overlay-opacity":"","overlay-gradient":""}},"footnotes":""},"class_list":["post-994","page","type-page","status-publish","hentry"],"uagb_featured_image_src":{"full":false,"thumbnail":false,"medium":false,"medium_large":false,"large":false,"1536x1536":false,"2048x2048":false,"mailpoet_newsletter_max":false},"uagb_author_info":{"display_name":"cdsistema","author_link":"https:\/\/cdsalta.gob.ar\/index.php\/author\/cdsistema\/"},"uagb_comment_info":0,"uagb_excerpt":"Asistencia a V\u00edctimas de Siniestros Viales La Oficina de Asistencia y Asesoramiento a V\u00edctimas de Siniestros Viales del Concejo Deliberante [&hellip;]","_links":{"self":[{"href":"https:\/\/cdsalta.gob.ar\/index.php\/wp-json\/wp\/v2\/pages\/994","targetHints":{"allow":["GET"]}}],"collection":[{"href":"https:\/\/cdsalta.gob.ar\/index.php\/wp-json\/wp\/v2\/pages"}],"about":[{"href":"https:\/\/cdsalta.gob.ar\/index.php\/wp-json\/wp\/v2\/types\/page"}],"author":[{"embeddable":true,"href":"https:\/\/cdsalta.gob.ar\/index.php\/wp-json\/wp\/v2\/users\/1"}],"replies":[{"embeddable":true,"href":"https:\/\/cdsalta.gob.ar\/index.php\/wp-json\/wp\/v2\/comments?post=994"}],"version-history":[{"count":9,"href":"https:\/\/cdsalta.gob.ar\/index.php\/wp-json\/wp\/v2\/pages\/994\/revisions"}],"predecessor-version":[{"id":1515,"href":"https:\/\/cdsalta.gob.ar\/index.php\/wp-json\/wp\/v2\/pages\/994\/revisions\/1515"}],"wp:attachment":[{"href":"https:\/\/cdsalta.gob.ar\/index.php\/wp-json\/wp\/v2\/media?parent=994"}],"curies":[{"name":"wp","href":"https:\/\/api.w.org\/{rel}","templated":true}]}}